{"id":5765,"date":"2025-11-24T16:42:18","date_gmt":"2025-11-24T16:42:18","guid":{"rendered":"https:\/\/dovix.ca\/?page_id=5765"},"modified":"2025-11-24T16:48:17","modified_gmt":"2025-11-24T16:48:17","slug":"basic","status":"publish","type":"page","link":"https:\/\/dovix.ca\/fr\/basic\/","title":{"rendered":"Basic"},"content":{"rendered":"<div data-elementor-type=\"wp-page\" data-elementor-id=\"5765\" class=\"elementor elementor-5765\">\n\t\t\t\t<div class=\"elementor-element elementor-element-f4d9490 e-flex e-con-boxed e-con e-parent\" data-id=\"f4d9490\" data-element_type=\"container\" data-e-type=\"container\" data-settings=\"{&quot;background_background&quot;:&quot;classic&quot;}\">\n\t\t\t\t\t<div class=\"e-con-inner\">\n\t\t<div class=\"elementor-element elementor-element-c96e9d6 e-con-full e-flex e-con e-child\" data-id=\"c96e9d6\" data-element_type=\"container\" data-e-type=\"container\">\n\t\t\t\t<div class=\"elementor-element elementor-element-f5d6539 elementor-widget elementor-widget-heading\" data-id=\"f5d6539\" data-element_type=\"widget\" data-e-type=\"widget\" data-widget_type=\"heading.default\">\n\t\t\t\t<div class=\"elementor-widget-container\">\n\t\t\t\t\t<h1 class=\"elementor-heading-title elementor-size-default\">Basic Plan<\/h1>\t\t\t\t<\/div>\n\t\t\t\t<\/div>\n\t\t\t\t<\/div>\n\t\t\t\t\t<\/div>\n\t\t\t\t<\/div>\n\t\t<div class=\"elementor-element elementor-element-a402c5c e-flex e-con-boxed e-con e-parent\" data-id=\"a402c5c\" data-element_type=\"container\" data-e-type=\"container\" data-settings=\"{&quot;background_background&quot;:&quot;classic&quot;}\">\n\t\t\t\t\t<div class=\"e-con-inner\">\n\t\t\t\t<div class=\"elementor-element elementor-element-beb3a30 elementor-widget-divider--view-line elementor-widget elementor-widget-divider\" data-id=\"beb3a30\" data-element_type=\"widget\" data-e-type=\"widget\" data-widget_type=\"divider.default\">\n\t\t\t\t<div class=\"elementor-widget-container\">\n\t\t\t\t\t\t\t<div class=\"elementor-divider\">\n\t\t\t<span class=\"elementor-divider-separator\">\n\t\t\t\t\t\t<\/span>\n\t\t<\/div>\n\t\t\t\t\t\t<\/div>\n\t\t\t\t<\/div>\n\t\t\t\t\t<\/div>\n\t\t\t\t<\/div>\n\t\t<div class=\"elementor-element elementor-element-1ccb99b e-flex e-con-boxed e-con e-parent\" data-id=\"1ccb99b\" data-element_type=\"container\" data-e-type=\"container\">\n\t\t\t\t\t<div class=\"e-con-inner\">\n\t\t\t\t<div class=\"elementor-element elementor-element-adc17a8 elementor-widget elementor-widget-html\" data-id=\"adc17a8\" data-element_type=\"widget\" data-e-type=\"widget\" data-widget_type=\"html.default\">\n\t\t\t\t<div class=\"elementor-widget-container\">\n\t\t\t\t\t<!DOCTYPE html>\n<html lang=\"en\">\n<head>\n<meta charset=\"UTF-8\" \/>\n<meta name=\"viewport\" content=\"width=device-width, initial-scale=1.0\" \/>\n<title>Dovix Care Plan \u2013 Basic Plan Details<\/title>\n<style>\n  body {\n    font-family: Arial, sans-serif;\n    margin: 0;\n    background: #f5f8fc;\n    color: #333;\n  }\n\n  .section {\n    padding: 70px 20px;\n    display: flex;\n    justify-content: center;\n  }\n\n  .container {\n    max-width: 780px;\n    background: #ffffff;\n    padding: 45px 35px;\n    border-radius: 20px;\n    box-shadow: 0 6px 30px rgba(0,0,0,0.06);\n  }\n\n  h1 {\n    font-size: 2.1rem;\n    font-weight: 800;\n    color: #1565C0;\n    margin-bottom: 15px;\n  }\n\n  .intro {\n    font-size: 1.1rem;\n    line-height: 1.7;\n    margin-bottom: 30px;\n  }\n\n  \/* Feature Box *\/\n  .feature-box {\n    background: #eef4ff;\n    padding: 25px;\n    border-radius: 15px;\n    margin-bottom: 35px;\n  }\n\n  .feature-box h2 {\n    margin-top: 0;\n    font-size: 1.4rem;\n    color: #1565C0;\n    font-weight: 700;\n  }\n\n  .feature-box ul {\n    margin: 15px 0;\n  }\n\n  .feature-box li {\n    margin-bottom: 8px;\n    line-height: 1.5;\n  }\n\n  \/* Call Button *\/\n  .call-btn {\n    display: block;\n    text-align: center;\n    background: #1565C0;\n    color: #ffffff;\n    padding: 10px 18px;\n    border-radius: 10px;\n    font-size: 1rem;\n    font-weight: 600;\n    text-decoration: none;\n    margin: 0 auto 12px auto;\n    width: fit-content;\n    box-shadow: 0 4px 12px rgba(21, 101, 192, 0.3);\n    transition: 0.3s;\n  }\n\n  .call-btn:hover {\n    background: #0d4fa0;\n  }\n\n  .note {\n    font-size: 0.95rem;\n    color: #555;\n    text-align: center;\n    margin-bottom: 30px;\n  }\n\n  \/* Navigation Buttons *\/\n  .nav-buttons {\n    display: flex;\n    justify-content: center;\n    gap: 15px;\n    flex-wrap: wrap;\n  }\n\n  .nav-btn {\n    display: inline-block;\n    background: #e0e7ff;\n    color: #1565C0;\n    padding: 12px 25px;\n    border-radius: 10px;\n    font-size: 1rem;\n    font-weight: 600;\n    text-decoration: none;\n    transition: 0.3s;\n  }\n\n  .nav-btn:hover {\n    background: #c5d2ff;\n  }\n\n  @media (max-width: 600px) {\n    .container { padding: 35px 22px; }\n    h1 { font-size: 1.85rem; }\n    .intro { font-size: 1rem; }\n  }\n<\/style>\n<\/head>\n<body data-rsssl=1 data-rsssl=\"1\">\n\n<section class=\"section\">\n  <div class=\"container\">\n\n    <h4>Small Jobs Made Easy<\/h4>\n\n    <p class=\"intro\">\n        The Basic plan is perfect for homeowners or tenants who need occasional repairs or small installations.\n        Our team ensures your job is handled quickly and efficiently.\n        With priority scheduling, you can expect service within 48 hours.\n        We also provide a free on-site assessment so you know exactly what\u2019s needed.\n        After the dedicated time, enjoy 10% off all labor fees for additional work.\n        This plan is ideal for small households, rental properties, or anyone needing reliable, hassle-free fixes.\n      <\/p>\n\n    <div class=\"feature-box\">\n      <h2>What's Included<\/h2>\n      <ul>\n        <li>R\u00e9parations rapides et installations<\/li>\n        <li>Priorit\u00e9 pour les rendez-vous sous 48 heures<\/li>\n        <li>\u00c9valuation gratuite sur place pour un devis pr\u00e9cis<\/li>\n        <li>\u2714 10% off all labor fees after dedicated time<\/li>\n      <\/ul>\n      <p><strong>Ideal for:<\/strong> Small households or occasional repairs.<\/p>\n    <\/div>\n\n    <!-- Call Section -->\n    <a href=\"tel:4388607814\" class=\"call-btn\">Call to Book \u2013 438-860-7814<\/a>\n\n    <p class=\"note\">\n      Laptop users: call the number above from your phone.<br>\n      Mobile users: tap the button to call instantly.\n    <\/p>\n\n    <!-- Navigation Buttons -->\n    <div class=\"nav-buttons\">\n      <a href=\"https:\/\/dovix.ca\/fr\/explore\/\" class=\"nav-btn\">\u2190 Back to Explore<\/a>\n      <a href=\"https:\/\/dovix.ca\/fr\/dovix-care-plan\/\" class=\"nav-btn\">View Care Plans \u2192<\/a>\n    <\/div>\n\n  <\/div>\n<\/section>\n\n<\/body>\n<\/html>\n\t\t\t\t<\/div>\n\t\t\t\t<\/div>\n\t\t\t\t\t<\/div>\n\t\t\t\t<\/div>\n\t\t<div class=\"elementor-element elementor-element-56a06ef e-flex e-con-boxed e-con e-parent\" data-id=\"56a06ef\" data-element_type=\"container\" data-e-type=\"container\" data-settings=\"{&quot;background_background&quot;:&quot;classic&quot;}\">\n\t\t\t\t\t<div class=\"e-con-inner\">\n\t\t<div class=\"elementor-element elementor-element-ee311c3 e-con-full e-flex e-con e-child\" data-id=\"ee311c3\" data-element_type=\"container\" data-e-type=\"container\">\n\t\t\t\t<div class=\"elementor-element elementor-element-e5773cb elementor-widget elementor-widget-image\" data-id=\"e5773cb\" data-element_type=\"widget\" data-e-type=\"widget\" data-widget_type=\"image.default\">\n\t\t\t\t<div class=\"elementor-widget-container\">\n\t\t\t\t\t\t\t\t\t\t\t\t\t\t\t<img fetchpriority=\"high\" decoding=\"async\" width=\"1024\" height=\"173\" src=\"https:\/\/dovix.ca\/wp-content\/uploads\/2025\/11\/Banner1-1024x173.jpg\" class=\"attachment-large size-large wp-image-5687\" alt=\"\" srcset=\"https:\/\/dovix.ca\/wp-content\/uploads\/2025\/11\/Banner1-1024x173.jpg 1024w, https:\/\/dovix.ca\/wp-content\/uploads\/2025\/11\/Banner1-300x51.jpg 300w, https:\/\/dovix.ca\/wp-content\/uploads\/2025\/11\/Banner1-768x130.jpg 768w, https:\/\/dovix.ca\/wp-content\/uploads\/2025\/11\/Banner1-1536x260.jpg 1536w, https:\/\/dovix.ca\/wp-content\/uploads\/2025\/11\/Banner1-2048x347.jpg 2048w, https:\/\/dovix.ca\/wp-content\/uploads\/2025\/11\/Banner1-18x3.jpg 18w\" sizes=\"(max-width: 1024px) 100vw, 1024px\" \/>\t\t\t\t\t\t\t\t\t\t\t\t\t\t\t<\/div>\n\t\t\t\t<\/div>\n\t\t\t\t<\/div>\n\t\t\t\t\t<\/div>\n\t\t\t\t<\/div>\n\t\t<div class=\"elementor-element elementor-element-c605a69 e-flex e-con-boxed e-con e-parent\" data-id=\"c605a69\" data-element_type=\"container\" data-e-type=\"container\" data-settings=\"{&quot;background_background&quot;:&quot;classic&quot;}\">\n\t\t\t\t\t<div class=\"e-con-inner\">\n\t\t\t\t<div class=\"elementor-element elementor-element-78e4f70 elementor-widget-divider--view-line elementor-widget elementor-widget-divider\" data-id=\"78e4f70\" data-element_type=\"widget\" data-e-type=\"widget\" data-widget_type=\"divider.default\">\n\t\t\t\t<div class=\"elementor-widget-container\">\n\t\t\t\t\t\t\t<div class=\"elementor-divider\">\n\t\t\t<span class=\"elementor-divider-separator\">\n\t\t\t\t\t\t<\/span>\n\t\t<\/div>\n\t\t\t\t\t\t<\/div>\n\t\t\t\t<\/div>\n\t\t\t\t\t<\/div>\n\t\t\t\t<\/div>\n\t\t<div class=\"elementor-element elementor-element-e8aa6a4 e-flex e-con-boxed e-con e-parent\" data-id=\"e8aa6a4\" data-element_type=\"container\" data-e-type=\"container\" data-settings=\"{&quot;background_background&quot;:&quot;classic&quot;}\">\n\t\t\t\t\t<div class=\"e-con-inner\">\n\t\t<div class=\"elementor-element elementor-element-6e81e28 e-con-full e-flex e-con e-child\" data-id=\"6e81e28\" data-element_type=\"container\" data-e-type=\"container\">\n\t\t\t\t<div class=\"elementor-element elementor-element-87ad2c0 elementor-widget elementor-widget-icon-box\" data-id=\"87ad2c0\" data-element_type=\"widget\" data-e-type=\"widget\" data-widget_type=\"icon-box.default\">\n\t\t\t\t<div class=\"elementor-widget-container\">\n\t\t\t\t\t\t\t<div class=\"elementor-icon-box-wrapper\">\n\n\t\t\t\n\t\t\t\t\t\t<div class=\"elementor-icon-box-content\">\n\n\t\t\t\t\t\t\t\t\t<h3 class=\"elementor-icon-box-title\">\n\t\t\t\t\t\t<span  >\n\t\t\t\t\t\t\tNos Avantages\t\t\t\t\t\t<\/span>\n\t\t\t\t\t<\/h3>\n\t\t\t\t\n\t\t\t\t\n\t\t\t<\/div>\n\t\t\t\n\t\t<\/div>\n\t\t\t\t\t\t<\/div>\n\t\t\t\t<\/div>\n\t\t<div class=\"elementor-element elementor-element-8bcbc8c e-flex e-con-boxed e-con e-child\" data-id=\"8bcbc8c\" data-element_type=\"container\" data-e-type=\"container\">\n\t\t\t\t\t<div class=\"e-con-inner\">\n\t\t<div class=\"elementor-element elementor-element-996a7b2 e-con-full e-flex e-con e-child\" data-id=\"996a7b2\" data-element_type=\"container\" data-e-type=\"container\">\n\t\t\t\t<div class=\"elementor-element elementor-element-446378a elementor-view-default elementor-position-block-start elementor-mobile-position-block-start elementor-widget elementor-widget-icon-box\" data-id=\"446378a\" data-element_type=\"widget\" data-e-type=\"widget\" data-widget_type=\"icon-box.default\">\n\t\t\t\t<div class=\"elementor-widget-container\">\n\t\t\t\t\t\t\t<div class=\"elementor-icon-box-wrapper\">\n\n\t\t\t\t\t\t<div class=\"elementor-icon-box-icon\">\n\t\t\t\t<span  class=\"elementor-icon\">\n\t\t\t\t<i aria-hidden=\"true\" class=\"far fa-clock\"><\/i>\t\t\t\t<\/span>\n\t\t\t<\/div>\n\t\t\t\n\t\t\t\t\t\t<div class=\"elementor-icon-box-content\">\n\n\t\t\t\t\t\t\t\t\t<h5 class=\"elementor-icon-box-title\">\n\t\t\t\t\t\t<span  >\n\t\t\t\t\t\t\tService d'urgence\t\t\t\t\t\t<\/span>\n\t\t\t\t\t<\/h5>\n\t\t\t\t\n\t\t\t\t\t\t\t\t\t<p class=\"elementor-icon-box-description\">\n\t\t\t\t\t\tNous r\u00e9pondons rapidement aux besoins urgents de r\u00e9paration \u00e0 domicile.\n\n\t\t\t\t\t<\/p>\n\t\t\t\t\n\t\t\t<\/div>\n\t\t\t\n\t\t<\/div>\n\t\t\t\t\t\t<\/div>\n\t\t\t\t<\/div>\n\t\t\t\t<\/div>\n\t\t<div class=\"elementor-element elementor-element-3d1ffa0 e-con-full e-flex e-con e-child\" data-id=\"3d1ffa0\" data-element_type=\"container\" data-e-type=\"container\">\n\t\t\t\t<div class=\"elementor-element elementor-element-e593f34 elementor-view-default elementor-position-block-start elementor-mobile-position-block-start elementor-widget elementor-widget-icon-box\" data-id=\"e593f34\" data-element_type=\"widget\" data-e-type=\"widget\" data-widget_type=\"icon-box.default\">\n\t\t\t\t<div class=\"elementor-widget-container\">\n\t\t\t\t\t\t\t<div class=\"elementor-icon-box-wrapper\">\n\n\t\t\t\t\t\t<div class=\"elementor-icon-box-icon\">\n\t\t\t\t<span  class=\"elementor-icon\">\n\t\t\t\t<i aria-hidden=\"true\" class=\"fas fa-award\"><\/i>\t\t\t\t<\/span>\n\t\t\t<\/div>\n\t\t\t\n\t\t\t\t\t\t<div class=\"elementor-icon-box-content\">\n\n\t\t\t\t\t\t\t\t\t<h5 class=\"elementor-icon-box-title\">\n\t\t\t\t\t\t<span  >\n\t\t\t\t\t\t\tSatisfaction garantie\t\t\t\t\t\t<\/span>\n\t\t\t\t\t<\/h5>\n\t\t\t\t\n\t\t\t\t\t\t\t\t\t<p class=\"elementor-icon-box-description\">\n\t\t\t\t\t\tNous n\u2019avons pas termin\u00e9 tant que vous n\u2019\u00eates pas pleinement satisfait.\t\t\t\t\t<\/p>\n\t\t\t\t\n\t\t\t<\/div>\n\t\t\t\n\t\t<\/div>\n\t\t\t\t\t\t<\/div>\n\t\t\t\t<\/div>\n\t\t\t\t<\/div>\n\t\t\t\t\t<\/div>\n\t\t\t\t<\/div>\n\t\t<div class=\"elementor-element elementor-element-c42bcac e-flex e-con-boxed e-con e-child\" data-id=\"c42bcac\" data-element_type=\"container\" data-e-type=\"container\">\n\t\t\t\t\t<div class=\"e-con-inner\">\n\t\t<div class=\"elementor-element elementor-element-52771fa e-con-full e-flex e-con e-child\" data-id=\"52771fa\" data-element_type=\"container\" data-e-type=\"container\">\n\t\t\t\t<div class=\"elementor-element elementor-element-e8c2d4f elementor-view-default elementor-position-block-start elementor-mobile-position-block-start elementor-widget elementor-widget-icon-box\" data-id=\"e8c2d4f\" data-element_type=\"widget\" data-e-type=\"widget\" data-widget_type=\"icon-box.default\">\n\t\t\t\t<div class=\"elementor-widget-container\">\n\t\t\t\t\t\t\t<div class=\"elementor-icon-box-wrapper\">\n\n\t\t\t\t\t\t<div class=\"elementor-icon-box-icon\">\n\t\t\t\t<span  class=\"elementor-icon\">\n\t\t\t\t<i aria-hidden=\"true\" class=\"far fa-money-bill-alt\"><\/i>\t\t\t\t<\/span>\n\t\t\t<\/div>\n\t\t\t\n\t\t\t\t\t\t<div class=\"elementor-icon-box-content\">\n\n\t\t\t\t\t\t\t\t\t<h5 class=\"elementor-icon-box-title\">\n\t\t\t\t\t\t<span  >\n\t\t\t\t\t\t\tOptions de Paiement\t\t\t\t\t\t<\/span>\n\t\t\t\t\t<\/h5>\n\t\t\t\t\n\t\t\t\t\t\t\t\t\t<p class=\"elementor-icon-box-description\">\n\t\t\t\t\t\tChoisissez le mode de paiement qui vous convient.\t\t\t\t\t<\/p>\n\t\t\t\t\n\t\t\t<\/div>\n\t\t\t\n\t\t<\/div>\n\t\t\t\t\t\t<\/div>\n\t\t\t\t<\/div>\n\t\t\t\t<\/div>\n\t\t<div class=\"elementor-element elementor-element-b1d09be e-con-full e-flex e-con e-child\" data-id=\"b1d09be\" data-element_type=\"container\" data-e-type=\"container\">\n\t\t\t\t<div class=\"elementor-element elementor-element-8081233 elementor-view-default elementor-position-block-start elementor-mobile-position-block-start elementor-widget elementor-widget-icon-box\" data-id=\"8081233\" data-element_type=\"widget\" data-e-type=\"widget\" data-widget_type=\"icon-box.default\">\n\t\t\t\t<div class=\"elementor-widget-container\">\n\t\t\t\t\t\t\t<div class=\"elementor-icon-box-wrapper\">\n\n\t\t\t\t\t\t<div class=\"elementor-icon-box-icon\">\n\t\t\t\t<span  class=\"elementor-icon\">\n\t\t\t\t<i aria-hidden=\"true\" class=\"fas fa-users-cog\"><\/i>\t\t\t\t<\/span>\n\t\t\t<\/div>\n\t\t\t\n\t\t\t\t\t\t<div class=\"elementor-icon-box-content\">\n\n\t\t\t\t\t\t\t\t\t<h5 class=\"elementor-icon-box-title\">\n\t\t\t\t\t\t<span  >\n\t\t\t\t\t\t\t\u00c9quipe Exp\u00e9riment\u00e9e\t\t\t\t\t\t<\/span>\n\t\t\t\t\t<\/h5>\n\t\t\t\t\n\t\t\t\t\t\t\t\t\t<p class=\"elementor-icon-box-description\">\n\t\t\t\t\t\tL\u2019\u00e9quipe qu\u2019il faut pour le travail \u2014 \u00e0 chaque fois.\t\t\t\t\t<\/p>\n\t\t\t\t\n\t\t\t<\/div>\n\t\t\t\n\t\t<\/div>\n\t\t\t\t\t\t<\/div>\n\t\t\t\t<\/div>\n\t\t\t\t<\/div>\n\t\t\t\t\t<\/div>\n\t\t\t\t<\/div>\n\t\t\t\t<\/div>\n\t\t\t\t\t<\/div>\n\t\t\t\t<\/div>\n\t\t<div class=\"elementor-element elementor-element-4f37f34 e-flex e-con-boxed e-con e-parent\" data-id=\"4f37f34\" data-element_type=\"container\" data-e-type=\"container\" data-settings=\"{&quot;background_background&quot;:&quot;classic&quot;}\">\n\t\t\t\t\t<div class=\"e-con-inner\">\n\t\t<div class=\"elementor-element elementor-element-e28742a e-con-full e-flex e-con e-child\" data-id=\"e28742a\" data-element_type=\"container\" data-e-type=\"container\">\n\t\t\t\t<div class=\"elementor-element elementor-element-3aba572 elementor-widget elementor-widget-image\" data-id=\"3aba572\" data-element_type=\"widget\" data-e-type=\"widget\" data-widget_type=\"image.default\">\n\t\t\t\t<div class=\"elementor-widget-container\">\n\t\t\t\t\t\t\t\t\t\t\t\t\t\t\t<img fetchpriority=\"high\" decoding=\"async\" width=\"1024\" height=\"173\" src=\"https:\/\/dovix.ca\/wp-content\/uploads\/2025\/11\/Banner1-1024x173.jpg\" class=\"attachment-large size-large wp-image-5687\" alt=\"\" srcset=\"https:\/\/dovix.ca\/wp-content\/uploads\/2025\/11\/Banner1-1024x173.jpg 1024w, https:\/\/dovix.ca\/wp-content\/uploads\/2025\/11\/Banner1-300x51.jpg 300w, https:\/\/dovix.ca\/wp-content\/uploads\/2025\/11\/Banner1-768x130.jpg 768w, https:\/\/dovix.ca\/wp-content\/uploads\/2025\/11\/Banner1-1536x260.jpg 1536w, https:\/\/dovix.ca\/wp-content\/uploads\/2025\/11\/Banner1-2048x347.jpg 2048w, https:\/\/dovix.ca\/wp-content\/uploads\/2025\/11\/Banner1-18x3.jpg 18w\" sizes=\"(max-width: 1024px) 100vw, 1024px\" \/>\t\t\t\t\t\t\t\t\t\t\t\t\t\t\t<\/div>\n\t\t\t\t<\/div>\n\t\t\t\t<\/div>\n\t\t\t\t\t<\/div>\n\t\t\t\t<\/div>\n\t\t<div class=\"elementor-element elementor-element-9c8a72f e-flex e-con-boxed e-con e-parent\" data-id=\"9c8a72f\" data-element_type=\"container\" data-e-type=\"container\" data-settings=\"{&quot;background_background&quot;:&quot;classic&quot;}\">\n\t\t\t\t\t<div class=\"e-con-inner\">\n\t\t\t\t<div class=\"elementor-element elementor-element-8600f39 elementor-widget-divider--view-line elementor-widget elementor-widget-divider\" data-id=\"8600f39\" data-element_type=\"widget\" data-e-type=\"widget\" data-widget_type=\"divider.default\">\n\t\t\t\t<div class=\"elementor-widget-container\">\n\t\t\t\t\t\t\t<div class=\"elementor-divider\">\n\t\t\t<span class=\"elementor-divider-separator\">\n\t\t\t\t\t\t<\/span>\n\t\t<\/div>\n\t\t\t\t\t\t<\/div>\n\t\t\t\t<\/div>\n\t\t\t\t\t<\/div>\n\t\t\t\t<\/div>\n\t\t<div class=\"elementor-element elementor-element-760de87 e-flex e-con-boxed e-con e-parent\" data-id=\"760de87\" data-element_type=\"container\" data-e-type=\"container\" data-settings=\"{&quot;background_background&quot;:&quot;classic&quot;}\">\n\t\t\t\t\t<div class=\"e-con-inner\">\n\t\t<div class=\"elementor-element elementor-element-3d4ff33 e-con-full e-flex e-con e-child\" data-id=\"3d4ff33\" data-element_type=\"container\" data-e-type=\"container\">\n\t\t\t\t<div class=\"elementor-element elementor-element-5373483 elementor-position-inline-start elementor-view-default elementor-mobile-position-block-start elementor-widget elementor-widget-icon-box\" data-id=\"5373483\" data-element_type=\"widget\" data-e-type=\"widget\" data-widget_type=\"icon-box.default\">\n\t\t\t\t<div class=\"elementor-widget-container\">\n\t\t\t\t\t\t\t<div class=\"elementor-icon-box-wrapper\">\n\n\t\t\t\t\t\t<div class=\"elementor-icon-box-icon\">\n\t\t\t\t<span  class=\"elementor-icon\">\n\t\t\t\t<i aria-hidden=\"true\" class=\"fas fa-location-arrow\"><\/i>\t\t\t\t<\/span>\n\t\t\t<\/div>\n\t\t\t\n\t\t\t\t\t\t<div class=\"elementor-icon-box-content\">\n\n\t\t\t\t\t\t\t\t\t<h6 class=\"elementor-icon-box-title\">\n\t\t\t\t\t\t<span  >\n\t\t\t\t\t\t\tAdresse:\t\t\t\t\t\t<\/span>\n\t\t\t\t\t<\/h6>\n\t\t\t\t\n\t\t\t\t\t\t\t\t\t<p class=\"elementor-icon-box-description\">\n\t\t\t\t\t\t3344 Rue Notre Dame, Lachine, QC H8T 3E2\t\t\t\t\t<\/p>\n\t\t\t\t\n\t\t\t<\/div>\n\t\t\t\n\t\t<\/div>\n\t\t\t\t\t\t<\/div>\n\t\t\t\t<\/div>\n\t\t\t\t<\/div>\n\t\t<div class=\"elementor-element elementor-element-f46ec13 e-con-full e-flex e-con e-child\" data-id=\"f46ec13\" data-element_type=\"container\" data-e-type=\"container\">\n\t\t\t\t<div class=\"elementor-element elementor-element-fa0414b elementor-position-inline-start elementor-view-default elementor-mobile-position-block-start elementor-widget elementor-widget-icon-box\" data-id=\"fa0414b\" data-element_type=\"widget\" data-e-type=\"widget\" data-widget_type=\"icon-box.default\">\n\t\t\t\t<div class=\"elementor-widget-container\">\n\t\t\t\t\t\t\t<div class=\"elementor-icon-box-wrapper\">\n\n\t\t\t\t\t\t<div class=\"elementor-icon-box-icon\">\n\t\t\t\t<span  class=\"elementor-icon\">\n\t\t\t\t<i aria-hidden=\"true\" class=\"fab fa-buromobelexperte\"><\/i>\t\t\t\t<\/span>\n\t\t\t<\/div>\n\t\t\t\n\t\t\t\t\t\t<div class=\"elementor-icon-box-content\">\n\n\t\t\t\t\t\t\t\t\t<h6 class=\"elementor-icon-box-title\">\n\t\t\t\t\t\t<span  >\n\t\t\t\t\t\t\tBureau\t\t\t\t\t\t<\/span>\n\t\t\t\t\t<\/h6>\n\t\t\t\t\n\t\t\t\t\t\t\t\t\t<p class=\"elementor-icon-box-description\">\n\t\t\t\t\t\t(514)552-3113\n(438) 860-7814\t\t\t\t\t<\/p>\n\t\t\t\t\n\t\t\t<\/div>\n\t\t\t\n\t\t<\/div>\n\t\t\t\t\t\t<\/div>\n\t\t\t\t<\/div>\n\t\t\t\t<\/div>\n\t\t<div class=\"elementor-element elementor-element-35e7727 e-con-full e-flex e-con e-child\" data-id=\"35e7727\" data-element_type=\"container\" data-e-type=\"container\">\n\t\t\t\t<div class=\"elementor-element elementor-element-35facdf elementor-position-inline-start elementor-view-default elementor-mobile-position-block-start elementor-widget elementor-widget-icon-box\" data-id=\"35facdf\" data-element_type=\"widget\" data-e-type=\"widget\" data-widget_type=\"icon-box.default\">\n\t\t\t\t<div class=\"elementor-widget-container\">\n\t\t\t\t\t\t\t<div class=\"elementor-icon-box-wrapper\">\n\n\t\t\t\t\t\t<div class=\"elementor-icon-box-icon\">\n\t\t\t\t<span  class=\"elementor-icon\">\n\t\t\t\t<i aria-hidden=\"true\" class=\"fas fa-clock\"><\/i>\t\t\t\t<\/span>\n\t\t\t<\/div>\n\t\t\t\n\t\t\t\t\t\t<div class=\"elementor-icon-box-content\">\n\n\t\t\t\t\t\t\t\t\t<h6 class=\"elementor-icon-box-title\">\n\t\t\t\t\t\t<span  >\n\t\t\t\t\t\t\tHoraires d'ouverture :\t\t\t\t\t\t<\/span>\n\t\t\t\t\t<\/h6>\n\t\t\t\t\n\t\t\t\t\t\t\t\t\t<p class=\"elementor-icon-box-description\">\n\t\t\t\t\t\tLundi - Samedi : 9h00 - 18h00<br>Dimanche : Ferm\u00e9\t\t\t\t\t<\/p>\n\t\t\t\t\n\t\t\t<\/div>\n\t\t\t\n\t\t<\/div>\n\t\t\t\t\t\t<\/div>\n\t\t\t\t<\/div>\n\t\t\t\t<\/div>\n\t\t\t\t\t<\/div>\n\t\t\t\t<\/div>\n\t\t\t\t<\/div>","protected":false},"excerpt":{"rendered":"<p>Basic Plan Dovix Care Plan \u2013 Basic Plan Details Small Jobs Made Easy The Basic plan is perfect for homeowners or tenants who need occasional repairs or small installations. Our team ensures your job is handled quickly and efficiently. With priority scheduling, you can expect service within 48 hours. We also provide a free on-site [&hellip;]<\/p>\n","protected":false},"author":1,"featured_media":0,"parent":0,"menu_order":0,"comment_status":"closed","ping_status":"closed","template":"","meta":{"_monsterinsights_skip_tracking":false,"_monsterinsights_sitenote_active":false,"_monsterinsights_sitenote_note":"","_monsterinsights_sitenote_category":0,"site-sidebar-layout":"no-sidebar","site-content-layout":"page-builder","ast-site-content-layout":"full-width-container","site-content-style":"unboxed","site-sidebar-style":"unboxed","ast-global-header-display":"","ast-banner-title-visibility":"","ast-main-header-display":"","ast-hfb-above-header-display":"","ast-hfb-below-header-display":"","ast-hfb-mobile-header-display":"","site-post-title":"disabled","ast-breadcrumbs-content":"disabled","ast-featured-img":"disabled","footer-sml-layout":"","ast-disable-related-posts":"","theme-transparent-header-meta":"enabled","adv-header-id-meta":"","stick-header-meta":"","header-above-stick-meta":"","header-main-stick-meta":"","header-below-stick-meta":"","astra-migrate-meta-layouts":"set","ast-page-background-enabled":"default","ast-page-background-meta":{"desktop":{"background-color":"","background-image":"","background-repeat":"repeat","background-position":"center center","background-size":"auto","background-attachment":"scroll","background-type":"","background-media":"","overlay-type":"","overlay-color":"","overlay-opacity":"","overlay-gradient":""},"tablet":{"background-color":"","background-image":"","background-repeat":"repeat","background-position":"center center","background-size":"auto","background-attachment":"scroll","background-type":"","background-media":"","overlay-type":"","overlay-color":"","overlay-opacity":"","overlay-gradient":""},"mobile":{"background-color":"","background-image":"","background-repeat":"repeat","background-position":"center center","background-size":"auto","background-attachment":"scroll","background-type":"","background-media":"","overlay-type":"","overlay-color":"","overlay-opacity":"","overlay-gradient":""}},"ast-content-background-meta":{"desktop":{"background-color":"var(--ast-global-color-5)","background-image":"","background-repeat":"repeat","background-position":"center center","background-size":"auto","background-attachment":"scroll","background-type":"","background-media":"","overlay-type":"","overlay-color":"","overlay-opacity":"","overlay-gradient":""},"tablet":{"background-color":"var(--ast-global-color-5)","background-image":"","background-repeat":"repeat","background-position":"center center","background-size":"auto","background-attachment":"scroll","background-type":"","background-media":"","overlay-type":"","overlay-color":"","overlay-opacity":"","overlay-gradient":""},"mobile":{"background-color":"var(--ast-global-color-5)","background-image":"","background-repeat":"repeat","background-position":"center center","background-size":"auto","background-attachment":"scroll","background-type":"","background-media":"","overlay-type":"","overlay-color":"","overlay-opacity":"","overlay-gradient":""}},"footnotes":""},"class_list":["post-5765","page","type-page","status-publish","hentry"],"aioseo_notices":[],"_links":{"self":[{"href":"https:\/\/dovix.ca\/fr\/wp-json\/wp\/v2\/pages\/5765","targetHints":{"allow":["GET"]}}],"collection":[{"href":"https:\/\/dovix.ca\/fr\/wp-json\/wp\/v2\/pages"}],"about":[{"href":"https:\/\/dovix.ca\/fr\/wp-json\/wp\/v2\/types\/page"}],"author":[{"embeddable":true,"href":"https:\/\/dovix.ca\/fr\/wp-json\/wp\/v2\/users\/1"}],"replies":[{"embeddable":true,"href":"https:\/\/dovix.ca\/fr\/wp-json\/wp\/v2\/comments?post=5765"}],"version-history":[{"count":11,"href":"https:\/\/dovix.ca\/fr\/wp-json\/wp\/v2\/pages\/5765\/revisions"}],"predecessor-version":[{"id":5776,"href":"https:\/\/dovix.ca\/fr\/wp-json\/wp\/v2\/pages\/5765\/revisions\/5776"}],"wp:attachment":[{"href":"https:\/\/dovix.ca\/fr\/wp-json\/wp\/v2\/media?parent=5765"}],"curies":[{"name":"wp","href":"https:\/\/api.w.org\/{rel}","templated":true}]}}