{"id":4975,"date":"2025-06-09T02:09:26","date_gmt":"2025-06-09T02:09:26","guid":{"rendered":"https:\/\/dovix.ca\/?page_id=4975"},"modified":"2025-06-09T11:20:51","modified_gmt":"2025-06-09T11:20:51","slug":"who-we-are","status":"publish","type":"page","link":"https:\/\/dovix.ca\/fr\/who-we-are\/","title":{"rendered":"Qui Sommes Nous"},"content":{"rendered":"<div data-elementor-type=\"wp-page\" data-elementor-id=\"4975\" class=\"elementor elementor-4975\">\n\t\t\t\t<div class=\"elementor-element elementor-element-c317aa9 e-flex e-con-boxed e-con e-parent\" data-id=\"c317aa9\" data-element_type=\"container\" data-e-type=\"container\" data-settings=\"{&quot;background_background&quot;:&quot;classic&quot;}\">\n\t\t\t\t\t<div class=\"e-con-inner\">\n\t\t<div class=\"elementor-element elementor-element-32a3d04 e-con-full e-flex e-con e-child\" data-id=\"32a3d04\" data-element_type=\"container\" data-e-type=\"container\">\n\t\t\t\t<div class=\"elementor-element elementor-element-20d485a elementor-widget elementor-widget-heading\" data-id=\"20d485a\" data-element_type=\"widget\" data-e-type=\"widget\" data-widget_type=\"heading.default\">\n\t\t\t\t<div class=\"elementor-widget-container\">\n\t\t\t\t\t<h1 class=\"elementor-heading-title elementor-size-default\">Qui Sommes Nous<\/h1>\t\t\t\t<\/div>\n\t\t\t\t<\/div>\n\t\t\t\t<div class=\"elementor-element elementor-element-0cdb843 elementor-widget-divider--view-line elementor-widget elementor-widget-divider\" data-id=\"0cdb843\" data-element_type=\"widget\" data-e-type=\"widget\" data-widget_type=\"divider.default\">\n\t\t\t\t<div class=\"elementor-widget-container\">\n\t\t\t\t\t\t\t<div class=\"elementor-divider\">\n\t\t\t<span class=\"elementor-divider-separator\">\n\t\t\t\t\t\t<\/span>\n\t\t<\/div>\n\t\t\t\t\t\t<\/div>\n\t\t\t\t<\/div>\n\t\t\t\t<\/div>\n\t\t\t\t\t<\/div>\n\t\t\t\t<\/div>\n\t\t<div class=\"elementor-element elementor-element-2d6d93b e-flex e-con-boxed e-con e-parent\" data-id=\"2d6d93b\" data-element_type=\"container\" data-e-type=\"container\" data-settings=\"{&quot;background_background&quot;:&quot;classic&quot;}\">\n\t\t\t\t\t<div class=\"e-con-inner\">\n\t\t\t\t<div class=\"elementor-element elementor-element-2c9426a elementor-widget__width-initial elementor-widget elementor-widget-text-editor\" data-id=\"2c9426a\" data-element_type=\"widget\" data-e-type=\"widget\" data-widget_type=\"text-editor.default\">\n\t\t\t\t<div class=\"elementor-widget-container\">\n\t\t\t\t\t\t\t\t\t<h4 data-start=\"2230\" data-end=\"2294\"><strong>Plus Qu'une \u00c9quipe de Bricoleurs<\/strong><\/h4><h4 data-start=\"2230\" data-end=\"2294\"><strong>Nous Sommes Vos Partenaires en Services<\/strong> R\u00e9sidentiels<\/h4><p data-start=\"2296\" data-end=\"2401\">Derri\u00e8re chaque r\u00e9paration, chaque installation, chaque projet, il y a une \u00e9quipe qui se soucie vraiment.\nCette \u00e9quipe, c\u2019est Dovix.<br data-start=\"2375\" data-end=\"2378\" \/>That team is Dovix.<\/p><p data-start=\"2403\" data-end=\"2809\">Nous ne sommes pas l\u00e0 uniquement pour faire le travail \u2014 nous sommes l\u00e0 pour bien le faire, et pour vous simplifier la vie.\nDepuis le premier jour, nous croyons qu\u2019un travail bien fait ne d\u00e9pend pas seulement des outils ou de la technique, mais aussi de la confiance, du respect, et de la rigueur.\nC\u2019est ce qui nous motive chaque matin : savoir que nous aidons quelqu\u2019un \u00e0 vivre, travailler ou se reposer dans un espace plus s\u00fbr, plus propre, et meilleur qu\u2019avant.<\/p><p data-start=\"2811\" data-end=\"3132\">Notre gestionnaire apporte plus de 20 ans d\u2019exp\u00e9rience dans les services \u00e0 domicile \u2014 une expertise b\u00e2tie sur le terrain, \u00e0 travers la gestion de projets et le leadership. Ayant \u0153uvr\u00e9 dans des environnements vari\u00e9s, il sait comment former et diriger une \u00e9quipe qui offre non seulement des comp\u00e9tences techniques, mais aussi une exp\u00e9rience client de qualit\u00e9 et une v\u00e9ritable tranquillit\u00e9 d\u2019esprit.<\/p><p data-start=\"3134\" data-end=\"3256\">La vision de Dovix a toujours \u00e9t\u00e9 claire :<br data-start=\"3168\" data-end=\"3171\" \/>Cr\u00e9er une entreprise qui met l\u2019humain au c\u0153ur de tout, qui valorise les r\u00e9sultats, et ne fait jamais de compromis sur la qualit\u00e9.<\/p><p data-start=\"3258\" data-end=\"3598\">Cette vision se refl\u00e8te dans tout ce que nous faisons.\nDans la fa\u00e7on dont nous r\u00e9pondons \u00e0 chaque demande.\nDans la mani\u00e8re dont nous formons notre \u00e9quipe.\nEt dans le soin que nous apportons \u00e0 chaque domicile \u2014 comme s\u2019il s\u2019agissait du n\u00f4tre.\n\nQue vous fassiez appel \u00e0 nous pour un simple assemblage de meuble ou pour g\u00e9rer l\u2019installation compl\u00e8te dans une r\u00e9sidence pour a\u00een\u00e9s, nous mettons le m\u00eame niveau d\u2019attention, de professionnalisme et de respect.<\/p><p data-start=\"3600\" data-end=\"3726\">Nous sommes fiers de faire partie de la communaut\u00e9 montr\u00e9alaise \u2014 et encore plus fiers de b\u00e2tir, client apr\u00e8s client, une r\u00e9putation fond\u00e9e sur la qualit\u00e9 et la confiance.<\/p><p data-start=\"3728\" data-end=\"3942\">Avec notre futur d\u00e9partement de gestion immobili\u00e8re pr\u00e9vu pour 2026, nous allons proposer des solutions compl\u00e8tes \u00e0 ceux qui veulent plus qu\u2019un simple entretien : ils veulent un partenaire de confiance, une responsabilit\u00e9 claire, et une paix d\u2019esprit durable.<\/p><p data-start=\"3728\" data-end=\"3942\">Comp\u00e9tents. Fiables. Locaux.<br data-start=\"3997\" data-end=\"4000\" \/>Au service des foyers et des communaut\u00e9s \u2014 avec des mains qui construisent et des c\u0153urs qui s\u2019investissent.<\/p>\t\t\t\t\t\t\t\t<\/div>\n\t\t\t\t<\/div>\n\t\t\t\t\t<\/div>\n\t\t\t\t<\/div>\n\t\t<div class=\"elementor-element elementor-element-1bc90b0 e-flex e-con-boxed e-con e-parent\" data-id=\"1bc90b0\" data-element_type=\"container\" data-e-type=\"container\">\n\t\t\t\t\t<div class=\"e-con-inner\">\n\t\t\t\t<div class=\"elementor-element elementor-element-a4dfe30 elementor-widget-divider--view-line elementor-widget elementor-widget-divider\" data-id=\"a4dfe30\" data-element_type=\"widget\" data-e-type=\"widget\" data-widget_type=\"divider.default\">\n\t\t\t\t<div class=\"elementor-widget-container\">\n\t\t\t\t\t\t\t<div class=\"elementor-divider\">\n\t\t\t<span class=\"elementor-divider-separator\">\n\t\t\t\t\t\t<\/span>\n\t\t<\/div>\n\t\t\t\t\t\t<\/div>\n\t\t\t\t<\/div>\n\t\t\t\t\t<\/div>\n\t\t\t\t<\/div>\n\t\t<div class=\"elementor-element elementor-element-0ba4f84 e-flex e-con-boxed e-con e-parent\" data-id=\"0ba4f84\" data-element_type=\"container\" data-e-type=\"container\" data-settings=\"{&quot;background_background&quot;:&quot;classic&quot;}\">\n\t\t\t\t\t<div class=\"e-con-inner\">\n\t\t<div class=\"elementor-element elementor-element-27e9e62 e-con-full e-flex e-con e-child\" data-id=\"27e9e62\" data-element_type=\"container\" data-e-type=\"container\">\n\t\t\t\t<div class=\"elementor-element elementor-element-aa99d70 elementor-widget elementor-widget-image\" data-id=\"aa99d70\" data-element_type=\"widget\" data-e-type=\"widget\" data-widget_type=\"image.default\">\n\t\t\t\t<div class=\"elementor-widget-container\">\n\t\t\t\t\t\t\t\t\t\t\t\t\t\t\t<img fetchpriority=\"high\" decoding=\"async\" width=\"1024\" height=\"1024\" src=\"https:\/\/dovix.ca\/wp-content\/uploads\/2023\/11\/dovix-free-1024x1024.jpg\" class=\"attachment-large size-large wp-image-3269\" alt=\"\" srcset=\"https:\/\/dovix.ca\/wp-content\/uploads\/2023\/11\/dovix-free-1024x1024.jpg 1024w, https:\/\/dovix.ca\/wp-content\/uploads\/2023\/11\/dovix-free-300x300.jpg 300w, https:\/\/dovix.ca\/wp-content\/uploads\/2023\/11\/dovix-free-100x100.jpg 100w, https:\/\/dovix.ca\/wp-content\/uploads\/2023\/11\/dovix-free-600x600.jpg 600w, https:\/\/dovix.ca\/wp-content\/uploads\/2023\/11\/dovix-free-150x150.jpg 150w, https:\/\/dovix.ca\/wp-content\/uploads\/2023\/11\/dovix-free-768x768.jpg 768w, https:\/\/dovix.ca\/wp-content\/uploads\/2023\/11\/dovix-free.jpg 1440w\" sizes=\"(max-width: 1024px) 100vw, 1024px\" \/>\t\t\t\t\t\t\t\t\t\t\t\t\t\t\t<\/div>\n\t\t\t\t<\/div>\n\t\t\t\t<div class=\"elementor-element elementor-element-fe8edae elementor-widget elementor-widget-heading\" data-id=\"fe8edae\" data-element_type=\"widget\" data-e-type=\"widget\" data-widget_type=\"heading.default\">\n\t\t\t\t<div class=\"elementor-widget-container\">\n\t\t\t\t\t<h4 class=\"elementor-heading-title elementor-size-default\">Travail de Qualit\u00e9. Service de Confiance.<\/h4>\t\t\t\t<\/div>\n\t\t\t\t<\/div>\n\t\t\t\t<\/div>\n\t\t<div class=\"elementor-element elementor-element-d093790 e-con-full e-flex e-con e-child\" data-id=\"d093790\" data-element_type=\"container\" data-e-type=\"container\">\n\t\t\t\t<div class=\"elementor-element elementor-element-923e9d7 elementor-widget elementor-widget-image\" data-id=\"923e9d7\" data-element_type=\"widget\" data-e-type=\"widget\" data-widget_type=\"image.default\">\n\t\t\t\t<div class=\"elementor-widget-container\">\n\t\t\t\t\t\t\t\t\t\t\t\t\t\t\t<img decoding=\"async\" width=\"836\" height=\"1024\" data-src=\"https:\/\/dovix.ca\/wp-content\/uploads\/2023\/07\/Image-dovix-4-836x1024.jpg\" class=\"attachment-large size-large wp-image-2855 lazyload\" alt=\"\" data-srcset=\"https:\/\/dovix.ca\/wp-content\/uploads\/2023\/07\/Image-dovix-4-836x1024.jpg 836w, https:\/\/dovix.ca\/wp-content\/uploads\/2023\/07\/Image-dovix-4-600x735.jpg 600w, https:\/\/dovix.ca\/wp-content\/uploads\/2023\/07\/Image-dovix-4-1254x1536.jpg 1254w, https:\/\/dovix.ca\/wp-content\/uploads\/2023\/07\/Image-dovix-4-245x300.jpg 245w, https:\/\/dovix.ca\/wp-content\/uploads\/2023\/07\/Image-dovix-4-768x941.jpg 768w, https:\/\/dovix.ca\/wp-content\/uploads\/2023\/07\/Image-dovix-4.jpg 1306w\" data-sizes=\"(max-width: 836px) 100vw, 836px\" src=\"data:image\/svg+xml;base64,PHN2ZyB3aWR0aD0iMSIgaGVpZ2h0PSIxIiB4bWxucz0iaHR0cDovL3d3dy53My5vcmcvMjAwMC9zdmciPjwvc3ZnPg==\" style=\"--smush-placeholder-width: 836px; --smush-placeholder-aspect-ratio: 836\/1024;\" \/>\t\t\t\t\t\t\t\t\t\t\t\t\t\t\t<\/div>\n\t\t\t\t<\/div>\n\t\t\t\t<\/div>\n\t\t<div class=\"elementor-element elementor-element-cd51e11 e-con-full e-flex e-con e-child\" data-id=\"cd51e11\" data-element_type=\"container\" data-e-type=\"container\">\n\t\t\t\t<div class=\"elementor-element elementor-element-0f081aa elementor-widget elementor-widget-image\" data-id=\"0f081aa\" data-element_type=\"widget\" data-e-type=\"widget\" data-widget_type=\"image.default\">\n\t\t\t\t<div class=\"elementor-widget-container\">\n\t\t\t\t\t\t\t\t\t\t\t\t\t\t\t<img decoding=\"async\" width=\"445\" height=\"445\" data-src=\"https:\/\/dovix.ca\/wp-content\/uploads\/2023\/11\/dresser-dovix.webp\" class=\"attachment-large size-large wp-image-3266 lazyload\" alt=\"\" data-srcset=\"https:\/\/dovix.ca\/wp-content\/uploads\/2023\/11\/dresser-dovix.webp 445w, https:\/\/dovix.ca\/wp-content\/uploads\/2023\/11\/dresser-dovix-300x300.webp 300w, https:\/\/dovix.ca\/wp-content\/uploads\/2023\/11\/dresser-dovix-100x100.webp 100w, https:\/\/dovix.ca\/wp-content\/uploads\/2023\/11\/dresser-dovix-150x150.webp 150w\" data-sizes=\"(max-width: 445px) 100vw, 445px\" src=\"data:image\/svg+xml;base64,PHN2ZyB3aWR0aD0iMSIgaGVpZ2h0PSIxIiB4bWxucz0iaHR0cDovL3d3dy53My5vcmcvMjAwMC9zdmciPjwvc3ZnPg==\" style=\"--smush-placeholder-width: 445px; --smush-placeholder-aspect-ratio: 445\/445;\" \/>\t\t\t\t\t\t\t\t\t\t\t\t\t\t\t<\/div>\n\t\t\t\t<\/div>\n\t\t\t\t<div class=\"elementor-element elementor-element-4b11855 elementor-widget elementor-widget-heading\" data-id=\"4b11855\" data-element_type=\"widget\" data-e-type=\"widget\" data-widget_type=\"heading.default\">\n\t\t\t\t<div class=\"elementor-widget-container\">\n\t\t\t\t\t<h4 class=\"elementor-heading-title elementor-size-default\">Plus de 250 clients nous font confiance<\/h4>\t\t\t\t<\/div>\n\t\t\t\t<\/div>\n\t\t\t\t<\/div>\n\t\t\t\t\t<\/div>\n\t\t\t\t<\/div>\n\t\t\t\t<\/div>","protected":false},"excerpt":{"rendered":"<p>Who We Are More Than a Handyman Team We\u2019re Your Home Service Partners Behind every repair, installation, or project, there\u2019s a team that truly cares.That team is Dovix. We\u2019re not just here to do the job \u2014 we\u2019re here to do it right, and to make your life easier in the process. From day one, [&hellip;]<\/p>\n","protected":false},"author":1,"featured_media":0,"parent":0,"menu_order":0,"comment_status":"closed","ping_status":"closed","template":"","meta":{"_monsterinsights_skip_tracking":false,"_monsterinsights_sitenote_active":false,"_monsterinsights_sitenote_note":"","_monsterinsights_sitenote_category":0,"site-sidebar-layout":"no-sidebar","site-content-layout":"page-builder","ast-site-content-layout":"full-width-container","site-content-style":"unboxed","site-sidebar-style":"unboxed","ast-global-header-display":"","ast-banner-title-visibility":"","ast-main-header-display":"","ast-hfb-above-header-display":"","ast-hfb-below-header-display":"","ast-hfb-mobile-header-display":"","site-post-title":"disabled","ast-breadcrumbs-content":"disabled","ast-featured-img":"disabled","footer-sml-layout":"","ast-disable-related-posts":"","theme-transparent-header-meta":"enabled","adv-header-id-meta":"","stick-header-meta":"","header-above-stick-meta":"","header-main-stick-meta":"","header-below-stick-meta":"","astra-migrate-meta-layouts":"set","ast-page-background-enabled":"default","ast-page-background-meta":{"desktop":{"background-color":"","background-image":"","background-repeat":"repeat","background-position":"center center","background-size":"auto","background-attachment":"scroll","background-type":"","background-media":"","overlay-type":"","overlay-color":"","overlay-opacity":"","overlay-gradient":""},"tablet":{"background-color":"","background-image":"","background-repeat":"repeat","background-position":"center center","background-size":"auto","background-attachment":"scroll","background-type":"","background-media":"","overlay-type":"","overlay-color":"","overlay-opacity":"","overlay-gradient":""},"mobile":{"background-color":"","background-image":"","background-repeat":"repeat","background-position":"center center","background-size":"auto","background-attachment":"scroll","background-type":"","background-media":"","overlay-type":"","overlay-color":"","overlay-opacity":"","overlay-gradient":""}},"ast-content-background-meta":{"desktop":{"background-color":"var(--ast-global-color-5)","background-image":"","background-repeat":"repeat","background-position":"center center","background-size":"auto","background-attachment":"scroll","background-type":"","background-media":"","overlay-type":"","overlay-color":"","overlay-opacity":"","overlay-gradient":""},"tablet":{"background-color":"var(--ast-global-color-5)","background-image":"","background-repeat":"repeat","background-position":"center center","background-size":"auto","background-attachment":"scroll","background-type":"","background-media":"","overlay-type":"","overlay-color":"","overlay-opacity":"","overlay-gradient":""},"mobile":{"background-color":"var(--ast-global-color-5)","background-image":"","background-repeat":"repeat","background-position":"center center","background-size":"auto","background-attachment":"scroll","background-type":"","background-media":"","overlay-type":"","overlay-color":"","overlay-opacity":"","overlay-gradient":""}},"footnotes":""},"class_list":["post-4975","page","type-page","status-publish","hentry"],"aioseo_notices":[],"_links":{"self":[{"href":"https:\/\/dovix.ca\/fr\/wp-json\/wp\/v2\/pages\/4975","targetHints":{"allow":["GET"]}}],"collection":[{"href":"https:\/\/dovix.ca\/fr\/wp-json\/wp\/v2\/pages"}],"about":[{"href":"https:\/\/dovix.ca\/fr\/wp-json\/wp\/v2\/types\/page"}],"author":[{"embeddable":true,"href":"https:\/\/dovix.ca\/fr\/wp-json\/wp\/v2\/users\/1"}],"replies":[{"embeddable":true,"href":"https:\/\/dovix.ca\/fr\/wp-json\/wp\/v2\/comments?post=4975"}],"version-history":[{"count":13,"href":"https:\/\/dovix.ca\/fr\/wp-json\/wp\/v2\/pages\/4975\/revisions"}],"predecessor-version":[{"id":5187,"href":"https:\/\/dovix.ca\/fr\/wp-json\/wp\/v2\/pages\/4975\/revisions\/5187"}],"wp:attachment":[{"href":"https:\/\/dovix.ca\/fr\/wp-json\/wp\/v2\/media?parent=4975"}],"curies":[{"name":"wp","href":"https:\/\/api.w.org\/{rel}","templated":true}]}}