{"id":3550,"date":"2024-01-27T21:38:17","date_gmt":"2024-01-27T21:38:17","guid":{"rendered":"https:\/\/dovix.ca\/?page_id=3550"},"modified":"2025-06-09T01:07:26","modified_gmt":"2025-06-09T01:07:26","slug":"contact-us","status":"publish","type":"page","link":"https:\/\/dovix.ca\/fr\/contact-us\/","title":{"rendered":"Contactez Nous"},"content":{"rendered":"\n<figure class=\"wp-block-image size-large\"><img decoding=\"async\" data-src=\"https:\/\/dovix.ca\/wp-content\/uploads\/2023\/09\/Linkedin-banner-1024x256.jpg\" alt=\"\" class=\"wp-image-3057 lazyload\" src=\"data:image\/svg+xml;base64,PHN2ZyB3aWR0aD0iMSIgaGVpZ2h0PSIxIiB4bWxucz0iaHR0cDovL3d3dy53My5vcmcvMjAwMC9zdmciPjwvc3ZnPg==\" style=\"--smush-placeholder-width: 1024px; --smush-placeholder-aspect-ratio: 1024\/256;\" \/><\/figure>\n\n\n\n<p><br>Bienvenue sur la page de contact de Dovix. Nous sommes ravis que vous ayez choisi de communiquer avec nous. Que vous ayez des questions, des pr\u00e9occupations ou simplement besoin d&#8217;assistance, notre \u00e9quipe est l\u00e0 pour vous aider.<\/p>\n\n\n<div class=\"wpforms-container wpforms-block wpforms-block-e65fe2dc-77ae-414f-adbd-e0f65de580fa\" id=\"wpforms-1551\"><form id=\"wpforms-form-1551\" class=\"wpforms-validate wpforms-form wpforms-ajax-form\" data-formid=\"1551\" method=\"post\" enctype=\"multipart\/form-data\" action=\"\/fr\/wp-json\/wp\/v2\/pages\/3550\" data-token=\"357b55714415c5187994770c70c82432\" data-token-time=\"1776306572\"><noscript class=\"wpforms-error-noscript\">Veuillez activer JavaScript dans votre navigateur pour remplir ce formulaire.<\/noscript><div class=\"wpforms-field-container\"><div id=\"wpforms-1551-field_5-container\" class=\"wpforms-field wpforms-field-select wpforms-field-select-style-classic\" data-field-id=\"5\"><label class=\"wpforms-field-label\" for=\"wpforms-1551-field_5\">Raison <span class=\"wpforms-required-label\">*<\/span><\/label><select id=\"wpforms-1551-field_5\" class=\"wpforms-field-large wpforms-field-required\" name=\"wpforms[fields][5]\" required=\"required\"><option value=\"Choisissez\"  selected='selected' class=\"choice-4 depth-1\"  >Choisissez<\/option><option value=\"Suppression de compte\"  class=\"choice-1 depth-1\"  >Suppression de compte<\/option><option value=\"Question g\u00e9n\u00e9ral\"  class=\"choice-2 depth-1\"  >Question g\u00e9n\u00e9ral<\/option><option value=\"Autre\"  class=\"choice-3 depth-1\"  >Autre<\/option><\/select><\/div><div id=\"wpforms-1551-field_0-container\" class=\"wpforms-field wpforms-field-name\" data-field-id=\"0\"><label class=\"wpforms-field-label\" for=\"wpforms-1551-field_0\">Nom, Pr\u00e9nom <span class=\"wpforms-required-label\">*<\/span><\/label><div class=\"wpforms-field-row wpforms-field-large\"><div class=\"wpforms-field-row-block wpforms-first wpforms-one-half\"><input type=\"text\" id=\"wpforms-1551-field_0\" class=\"wpforms-field-name-first wpforms-field-required\" name=\"wpforms[fields][0][first]\" required><label for=\"wpforms-1551-field_0\" class=\"wpforms-field-sublabel after wpforms-sublabel-hide\">Pr\u00e9nom<\/label><\/div><div class=\"wpforms-field-row-block wpforms-one-half\"><input type=\"text\" id=\"wpforms-1551-field_0-last\" class=\"wpforms-field-name-last wpforms-field-required\" name=\"wpforms[fields][0][last]\" required><label for=\"wpforms-1551-field_0-last\" class=\"wpforms-field-sublabel after wpforms-sublabel-hide\">Nom<\/label><\/div><\/div><\/div><div id=\"wpforms-1551-field_1-container\" class=\"wpforms-field wpforms-field-email\" data-field-id=\"1\"><label class=\"wpforms-field-label\" for=\"wpforms-1551-field_1\">Courriel <span class=\"wpforms-required-label\">*<\/span><\/label><input type=\"email\" id=\"wpforms-1551-field_1\" class=\"wpforms-field-large wpforms-field-required\" name=\"wpforms[fields][1]\" spellcheck=\"false\" required><\/div><div id=\"wpforms-1551-field_2-container\" class=\"wpforms-field wpforms-field-textarea\" data-field-id=\"2\"><label class=\"wpforms-field-label\" for=\"wpforms-1551-field_2\">Message<\/label><textarea id=\"wpforms-1551-field_2\" class=\"wpforms-field-medium\" name=\"wpforms[fields][2]\" ><\/textarea><\/div><\/div><!-- .wpforms-field-container --><div class=\"wpforms-submit-container\" ><input type=\"hidden\" name=\"wpforms[id]\" value=\"1551\"><input type=\"hidden\" name=\"page_title\" value=\"\"><input type=\"hidden\" name=\"page_url\" value=\"https:\/\/dovix.ca\/fr\/wp-json\/wp\/v2\/pages\/3550\"><input type=\"hidden\" name=\"url_referer\" value=\"\"><button type=\"submit\" name=\"wpforms[submit]\" id=\"wpforms-submit-1551\" class=\"wpforms-submit\" data-alt-text=\"Envoi en cours...\" data-submit-text=\"SOUMETTRE\" aria-live=\"assertive\" value=\"wpforms-submit\">SOUMETTRE<\/button><img decoding=\"async\" data-src=\"https:\/\/dovix.ca\/wp-content\/plugins\/wpforms-lite\/assets\/images\/submit-spin.svg\" class=\"wpforms-submit-spinner lazyload\" style=\"--smush-placeholder-width: 26px; --smush-placeholder-aspect-ratio: 26\/26;display: none;\" width=\"26\" height=\"26\" alt=\"Chargement en cours\" src=\"data:image\/svg+xml;base64,PHN2ZyB3aWR0aD0iMSIgaGVpZ2h0PSIxIiB4bWxucz0iaHR0cDovL3d3dy53My5vcmcvMjAwMC9zdmciPjwvc3ZnPg==\"><\/div><\/form><\/div>  <!-- .wpforms-container -->\n\n\n<p><strong><span style=\"text-decoration: underline;\">Heures d&#8217;ouverture<\/span><\/strong>:<br>Notre \u00e9quipe est disponible pour vous assister pendant les heures suivantes :<br>Lundi &#8211; Vendredi : 12h00 &#8211; 18h00<br>Samedi : Ferm\u00e9<br>Dimanche : Ferm\u00e9<\/p>\n\n\n\n<p><strong><span style=\"text-decoration: underline;\">Coordonn\u00e9es:<\/span><\/strong><br>T\u00e9l\u00e9phone: 514-552-3113<br>Courriel: info@dovix.ca<\/p>\n\n\n\n<p>Adresse : <strong>3344 Rue Notre Dame<\/strong> <strong>Lachine, QC H8T 1W7<\/strong><\/p>\n\n\n\n<figure class=\"wp-block-image size-large\"><img fetchpriority=\"high\" decoding=\"async\" width=\"1024\" height=\"256\" src=\"https:\/\/dovix.ca\/wp-content\/uploads\/2023\/05\/Linkedin-Banner-1024x256.jpg\" alt=\"\" class=\"wp-image-2444\" srcset=\"https:\/\/dovix.ca\/wp-content\/uploads\/2023\/05\/Linkedin-Banner-1024x256.jpg 1024w, https:\/\/dovix.ca\/wp-content\/uploads\/2023\/05\/Linkedin-Banner-600x150.jpg 600w, https:\/\/dovix.ca\/wp-content\/uploads\/2023\/05\/Linkedin-Banner-1536x384.jpg 1536w, https:\/\/dovix.ca\/wp-content\/uploads\/2023\/05\/Linkedin-Banner-300x75.jpg 300w, https:\/\/dovix.ca\/wp-content\/uploads\/2023\/05\/Linkedin-Banner-768x192.jpg 768w, https:\/\/dovix.ca\/wp-content\/uploads\/2023\/05\/Linkedin-Banner.jpg 1584w\" sizes=\"(max-width: 1024px) 100vw, 1024px\" \/><\/figure>\n\n\n\n<p>Merci de faire confiance \u00e0 Dovix. Nous sommes impatients de vous offrir une exp\u00e9rience exceptionnelle.<\/p>\n\n\n\n<p>Dovix, la passion de DIY<\/p>\n","protected":false},"excerpt":{"rendered":"<p>Bienvenue sur la page de contact de Dovix. Nous sommes ravis que vous ayez choisi de communiquer avec nous. Que vous ayez des questions, des pr\u00e9occupations ou simplement besoin d&#8217;assistance, notre \u00e9quipe est l\u00e0 pour vous aider. Heures d&#8217;ouverture:Notre \u00e9quipe est disponible pour vous assister pendant les heures suivantes :Lundi &#8211; Vendredi : 12h00 &#8211; [&hellip;]<\/p>\n","protected":false},"author":1,"featured_media":0,"parent":0,"menu_order":0,"comment_status":"closed","ping_status":"closed","template":"","meta":{"_monsterinsights_skip_tracking":false,"_monsterinsights_sitenote_active":false,"_monsterinsights_sitenote_note":"","_monsterinsights_sitenote_category":0,"site-sidebar-layout":"default","site-content-layout":"","ast-site-content-layout":"default","site-content-style":"default","site-sidebar-style":"default","ast-global-header-display":"","ast-banner-title-visibility":"","ast-main-header-display":"","ast-hfb-above-header-display":"","ast-hfb-below-header-display":"","ast-hfb-mobile-header-display":"","site-post-title":"","ast-breadcrumbs-content":"","ast-featured-img":"","footer-sml-layout":"","ast-disable-related-posts":"","theme-transparent-header-meta":"","adv-header-id-meta":"","stick-header-meta":"","header-above-stick-meta":"","header-main-stick-meta":"","header-below-stick-meta":"","astra-migrate-meta-layouts":"set","ast-page-background-enabled":"default","ast-page-background-meta":{"desktop":{"background-color":"","background-image":"","background-repeat":"repeat","background-position":"center center","background-size":"auto","background-attachment":"scroll","background-type":"","background-media":"","overlay-type":"","overlay-color":"","overlay-opacity":"","overlay-gradient":""},"tablet":{"background-color":"","background-image":"","background-repeat":"repeat","background-position":"center center","background-size":"auto","background-attachment":"scroll","background-type":"","background-media":"","overlay-type":"","overlay-color":"","overlay-opacity":"","overlay-gradient":""},"mobile":{"background-color":"","background-image":"","background-repeat":"repeat","background-position":"center center","background-size":"auto","background-attachment":"scroll","background-type":"","background-media":"","overlay-type":"","overlay-color":"","overlay-opacity":"","overlay-gradient":""}},"ast-content-background-meta":{"desktop":{"background-color":"var(--ast-global-color-5)","background-image":"","background-repeat":"repeat","background-position":"center center","background-size":"auto","background-attachment":"scroll","background-type":"","background-media":"","overlay-type":"","overlay-color":"","overlay-opacity":"","overlay-gradient":""},"tablet":{"background-color":"var(--ast-global-color-5)","background-image":"","background-repeat":"repeat","background-position":"center center","background-size":"auto","background-attachment":"scroll","background-type":"","background-media":"","overlay-type":"","overlay-color":"","overlay-opacity":"","overlay-gradient":""},"mobile":{"background-color":"var(--ast-global-color-5)","background-image":"","background-repeat":"repeat","background-position":"center center","background-size":"auto","background-attachment":"scroll","background-type":"","background-media":"","overlay-type":"","overlay-color":"","overlay-opacity":"","overlay-gradient":""}},"footnotes":""},"class_list":["post-3550","page","type-page","status-publish","hentry"],"aioseo_notices":[],"_links":{"self":[{"href":"https:\/\/dovix.ca\/fr\/wp-json\/wp\/v2\/pages\/3550","targetHints":{"allow":["GET"]}}],"collection":[{"href":"https:\/\/dovix.ca\/fr\/wp-json\/wp\/v2\/pages"}],"about":[{"href":"https:\/\/dovix.ca\/fr\/wp-json\/wp\/v2\/types\/page"}],"author":[{"embeddable":true,"href":"https:\/\/dovix.ca\/fr\/wp-json\/wp\/v2\/users\/1"}],"replies":[{"embeddable":true,"href":"https:\/\/dovix.ca\/fr\/wp-json\/wp\/v2\/comments?post=3550"}],"version-history":[{"count":1,"href":"https:\/\/dovix.ca\/fr\/wp-json\/wp\/v2\/pages\/3550\/revisions"}],"predecessor-version":[{"id":4951,"href":"https:\/\/dovix.ca\/fr\/wp-json\/wp\/v2\/pages\/3550\/revisions\/4951"}],"wp:attachment":[{"href":"https:\/\/dovix.ca\/fr\/wp-json\/wp\/v2\/media?parent=3550"}],"curies":[{"name":"wp","href":"https:\/\/api.w.org\/{rel}","templated":true}]}}