{"id":2883,"date":"2023-07-15T21:45:05","date_gmt":"2023-07-15T21:45:05","guid":{"rendered":"https:\/\/dovix.ca\/?page_id=2883"},"modified":"2025-06-09T01:04:07","modified_gmt":"2025-06-09T01:04:07","slug":"our-prices","status":"publish","type":"page","link":"https:\/\/dovix.ca\/fr\/our-prices\/","title":{"rendered":"Nos Tarifs"},"content":{"rendered":"<p data-start=\"203\" data-end=\"328\">Nos tarifs horaires varient entre <strong data-start=\"269\" data-end=\"284\">85 $ et 140 $<\/strong>, selon la complexit\u00e9 des travaux. Les taxes ne sont pas incluses dans les tarifs indiqu\u00e9s ci-dessous. Toutefois, les frais de d\u00e9placement sont compris dans nos prix. <em>Nos rabais promotionnels s'appliquent \u00e0 ces prix, le cas \u00e9ch\u00e9ant. <\/em><\/p>\r\n<p data-start=\"203\" data-end=\"328\">Si vous avez des questions ou souhaitez plus de d\u00e9tails, n\u2019h\u00e9sitez pas \u00e0 nous contacter au <strong data-start=\"405\" data-end=\"424\">\u260e\ufe0f 514-552-3113<\/strong> ou <strong data-start=\"428\" data-end=\"447\">\ud83d\udcde 438-860-7814<\/strong>. Nous serions ravis de vous aider \u00e0 concr\u00e9tiser vos projets!<\/p>\r\n<p data-start=\"507\" data-end=\"545\">Pour r\u00e9server un service, <a href=\"https:\/\/b.dovix.ca\/\"><strong>cliquer ici<\/strong><\/a>.<\/p>\r\n<table style=\"height: 6100px;\" width=\"797\">\r\n<tbody>\r\n<tr>\r\n<td>\r\n<p><strong>Cat\u00e9gories de services<\/strong><\/p>\r\n<p><strong>(Tarif horaire)<\/strong><\/p>\r\n<\/td>\r\n<td colspan=\"2\">\r\n<p><strong>Options disponibles<\/strong><\/p>\r\n<\/td>\r\n<td>\r\n<p><strong>Prix Fixe<\/strong><\/p>\r\n<\/td>\r\n<\/tr>\r\n<tr>\r\n<td rowspan=\"5\">\r\n<p><strong>Assemblage Armoire \u00a0<\/strong><br \/><br \/><strong>100 $ \/ heure<\/strong><\/p>\r\n<\/td>\r\n<td colspan=\"3\">\r\n<p>&nbsp;<\/p>\r\n<\/td>\r\n<\/tr>\r\n<tr>\r\n<td rowspan=\"2\">\r\n<p><strong>Avec 2 portes (battants)<\/strong><\/p>\r\n<\/td>\r\n<td>\r\n<p>1 unit\u00e9 (sans \u00e9tag\u00e8res)<\/p>\r\n<\/td>\r\n<td>\r\n<p>$100<\/p>\r\n<\/td>\r\n<\/tr>\r\n<tr>\r\n<td>\r\n<p>2 unit\u00e9s (sans \u00e9tag\u00e8res)<\/p>\r\n<\/td>\r\n<td>\r\n<p>$180<\/p>\r\n<\/td>\r\n<\/tr>\r\n<tr>\r\n<td rowspan=\"2\">\r\n<p><strong>Avec 3 portes (battants)<\/strong><\/p>\r\n<\/td>\r\n<td>\r\n<p>1 unit\u00e9 (sans \u00e9tag\u00e8res)<\/p>\r\n<\/td>\r\n<td>\r\n<p>$170<\/p>\r\n<\/td>\r\n<\/tr>\r\n<tr>\r\n<td>\r\n<p>2 unit\u00e9s (sans \u00e9tag\u00e8res)<\/p>\r\n<\/td>\r\n<td>\r\n<p>$250<\/p>\r\n<\/td>\r\n<\/tr>\r\n<tr>\r\n<td rowspan=\"4\">\r\n<p><strong>Assemblage Bureau <\/strong><br \/><br \/><strong>100 $ \/ heure<\/strong><\/p>\r\n<\/td>\r\n<td colspan=\"3\">\r\n<p>&nbsp;<\/p>\r\n<\/td>\r\n<\/tr>\r\n<tr>\r\n<td rowspan=\"3\">\r\n<p><strong><em>\u00a0<\/em><\/strong><\/p>\r\n<\/td>\r\n<td>\r\n<p>Bureau + Chaise<\/p>\r\n<\/td>\r\n<td>\r\n<p>$200<\/p>\r\n<\/td>\r\n<\/tr>\r\n<tr>\r\n<td>\r\n<p>Bureau Standard<\/p>\r\n<\/td>\r\n<td>\r\n<p>$100<\/p>\r\n<\/td>\r\n<\/tr>\r\n<tr>\r\n<td>\r\n<p>Bureau en L<\/p>\r\n<\/td>\r\n<td>\r\n<p>$170<\/p>\r\n<\/td>\r\n<\/tr>\r\n<tr>\r\n<td>\r\n<p>&nbsp;<\/p>\r\n<\/td>\r\n<td>\r\n<p><strong><em>\u00a0<\/em><\/strong><\/p>\r\n<\/td>\r\n<td>\r\n<p>&nbsp;<\/p>\r\n<\/td>\r\n<td>\r\n<p>&nbsp;<\/p>\r\n<\/td>\r\n<\/tr>\r\n<tr>\r\n<td rowspan=\"4\">\r\n<p><strong>Assemblage Canap\u00e9<\/strong><br \/><br \/><strong>100 $ \/ heure<\/strong><\/p>\r\n<\/td>\r\n<td colspan=\"3\">\r\n<p>&nbsp;<\/p>\r\n<\/td>\r\n<\/tr>\r\n<tr>\r\n<td>\r\n<p><strong><em>Standard<\/em><\/strong><\/p>\r\n<\/td>\r\n<td>\r\n<p>1, 2 ou 3 places<\/p>\r\n<\/td>\r\n<td>\r\n<p>$100<\/p>\r\n<\/td>\r\n<\/tr>\r\n<tr>\r\n<td rowspan=\"2\">\r\n<p><strong><em>Sectionnel<\/em><\/strong><\/p>\r\n<\/td>\r\n<td>\r\n<p>3-5 places<\/p>\r\n<\/td>\r\n<td>\r\n<p>$200<\/p>\r\n<\/td>\r\n<\/tr>\r\n<tr>\r\n<td>\r\n<p>6-7 places<\/p>\r\n<\/td>\r\n<td>\r\n<p>$300<\/p>\r\n<\/td>\r\n<\/tr>\r\n<tr>\r\n<td>\r\n<p>&nbsp;<\/p>\r\n<\/td>\r\n<td>\r\n<p><strong><em>\u00a0<\/em><\/strong><\/p>\r\n<\/td>\r\n<td>\r\n<p>&nbsp;<\/p>\r\n<\/td>\r\n<td>\r\n<p>&nbsp;<\/p>\r\n<\/td>\r\n<\/tr>\r\n<tr>\r\n<td rowspan=\"7\">\r\n<p><strong>Assemblage Commode<\/strong> \u00a0<br \/><br \/><strong>100 $ \/ heure<\/strong><\/p>\r\n<\/td>\r\n<td colspan=\"3\">\r\n<p><strong>\u00a0<\/strong><\/p>\r\n<\/td>\r\n<\/tr>\r\n<tr>\r\n<td rowspan=\"3\">\r\n<p><strong><em>Avec 3-4 tiroirs<\/em><\/strong><\/p>\r\n<\/td>\r\n<td>\r\n<p>1 Unit\u00e9<\/p>\r\n<\/td>\r\n<td>\r\n<p>$100<\/p>\r\n<\/td>\r\n<\/tr>\r\n<tr>\r\n<td>\r\n<p>1 unit\u00e9 + 1 table de chevet<\/p>\r\n<\/td>\r\n<td>\r\n<p>$150<\/p>\r\n<\/td>\r\n<\/tr>\r\n<tr>\r\n<td>\r\n<p>1 unit\u00e9 + 2 tables de chevet<\/p>\r\n<\/td>\r\n<td>\r\n<p>$200<\/p>\r\n<\/td>\r\n<\/tr>\r\n<tr>\r\n<td rowspan=\"3\">\r\n<p><strong><em>Avec 5-6 tiroirs<\/em><\/strong><\/p>\r\n<\/td>\r\n<td>\r\n<p>1 Unit\u00e9\u00a0<\/p>\r\n<\/td>\r\n<td>\r\n<p>$180<\/p>\r\n<\/td>\r\n<\/tr>\r\n<tr>\r\n<td>\r\n<p>1 unit\u00e9 + 1 table de chevet<\/p>\r\n<\/td>\r\n<td>\r\n<p>$230<\/p>\r\n<\/td>\r\n<\/tr>\r\n<tr>\r\n<td>\r\n<p>1 unit\u00e9 + 2 tables de chevet<\/p>\r\n<\/td>\r\n<td>\r\n<p>$280<\/p>\r\n<\/td>\r\n<\/tr>\r\n<tr>\r\n<td rowspan=\"14\">\r\n<p><strong>Assemblage Lit<\/strong>\u00a0<strong>\u00a0<\/strong> <br \/><br \/><strong>100 $ \/ heure<\/strong><\/p>\r\n<\/td>\r\n<td colspan=\"3\">\r\n<p>&nbsp;<\/p>\r\n<\/td>\r\n<\/tr>\r\n<tr>\r\n<td rowspan=\"8\">\r\n<p><strong><em>Lit de base<\/em><\/strong><\/p>\r\n<\/td>\r\n<td>\r\n<p>Lit\u00a0<\/p>\r\n<\/td>\r\n<td>\r\n<p>$100<\/p>\r\n<\/td>\r\n<\/tr>\r\n<tr>\r\n<td>\r\n<p>Lit simple + 1 table de chevet<\/p>\r\n<\/td>\r\n<td>\r\n<p>$150<\/p>\r\n<\/td>\r\n<\/tr>\r\n<tr>\r\n<td>\r\n<p>Lit simple + 2 tables de chevet<\/p>\r\n<\/td>\r\n<td>\r\n<p>$200<\/p>\r\n<\/td>\r\n<\/tr>\r\n<tr>\r\n<td>\r\n<p>Lit + 1 \u00e0 2 tiroirs<\/p>\r\n<\/td>\r\n<td>\r\n<p>$200<\/p>\r\n<\/td>\r\n<\/tr>\r\n<tr>\r\n<td>\r\n<p>Lit + Commode<\/p>\r\n<\/td>\r\n<td>\r\n<p>$250<\/p>\r\n<\/td>\r\n<\/tr>\r\n<tr>\r\n<td>\r\n<p>Lit + Armoire<\/p>\r\n<\/td>\r\n<td>\r\n<p>$250<\/p>\r\n<\/td>\r\n<\/tr>\r\n<tr>\r\n<td>\r\n<p>Lit + table \u00e0 manger + 4 chaises<\/p>\r\n<\/td>\r\n<td>\r\n<p>$220<\/p>\r\n<\/td>\r\n<\/tr>\r\n<tr>\r\n<td>\r\n<p>Lit avec lift<\/p>\r\n<\/td>\r\n<td>\r\n<p>$150<\/p>\r\n<\/td>\r\n<\/tr>\r\n<tr>\r\n<td>\r\n<p><strong><em>Lit Escamotable<\/em><\/strong><\/p>\r\n<\/td>\r\n<td>\r\n<p>Lit Escamotable<\/p>\r\n<\/td>\r\n<td>\r\n<p>$600<\/p>\r\n<\/td>\r\n<\/tr>\r\n<tr>\r\n<td rowspan=\"4\">\r\n<p><strong><em>Lits Superpos\u00e9s<\/em><\/strong> <strong><em>\u00a0<\/em><\/strong> <strong><em>\u00a0<\/em><\/strong><\/p>\r\n<\/td>\r\n<td>\r\n<p>Lits superpos\u00e9s simples<\/p>\r\n<\/td>\r\n<td>\r\n<p>$200<\/p>\r\n<\/td>\r\n<\/tr>\r\n<tr>\r\n<td>\r\n<p>Lits superpos\u00e9s + Rangement<\/p>\r\n<\/td>\r\n<td>\r\n<p>$350<\/p>\r\n<\/td>\r\n<\/tr>\r\n<tr>\r\n<td>\r\n<p>Lits superpos\u00e9s + 2 tiroirs + table de chevet<\/p>\r\n<\/td>\r\n<td>\r\n<p>$300<\/p>\r\n<\/td>\r\n<\/tr>\r\n<tr>\r\n<td>\r\n<p>Lits superpos\u00e9s + 2 tiroirs<\/p>\r\n<\/td>\r\n<td>\r\n<p>$250<\/p>\r\n<\/td>\r\n<\/tr>\r\n<tr>\r\n<td>\r\n<p>&nbsp;<\/p>\r\n<\/td>\r\n<td>\r\n<p><strong><em>\u00a0<\/em><\/strong><\/p>\r\n<\/td>\r\n<td>\r\n<p>&nbsp;<\/p>\r\n<\/td>\r\n<td>\r\n<p>&nbsp;<\/p>\r\n<\/td>\r\n<\/tr>\r\n<tr>\r\n<td rowspan=\"3\">\r\n<p><strong>Assemblage Meuble TV<\/strong> \u00a0<br \/><br \/><strong>100 $ \/ heure<\/strong><\/p>\r\n<\/td>\r\n<td colspan=\"3\">\r\n<p>&nbsp;<\/p>\r\n<\/td>\r\n<\/tr>\r\n<tr>\r\n<td rowspan=\"2\">\r\n<p><strong><em>\u00a0<\/em><\/strong><\/p>\r\n<\/td>\r\n<td>\r\n<p>Meuble TV avec foyer<\/p>\r\n<\/td>\r\n<td>\r\n<p>$250<\/p>\r\n<\/td>\r\n<\/tr>\r\n<tr>\r\n<td>\r\n<p>Standard<\/p>\r\n<\/td>\r\n<td>\r\n<p>$150<\/p>\r\n<\/td>\r\n<\/tr>\r\n<tr>\r\n<td rowspan=\"8\">\r\n<p><strong>Assemblage Table<\/strong>\u00a0 \u00a0<br \/><br \/><strong>100 $ \/ heure<\/strong><\/p>\r\n<\/td>\r\n<td colspan=\"3\">\r\n<p>&nbsp;<\/p>\r\n<\/td>\r\n<\/tr>\r\n<tr>\r\n<td colspan=\"3\">\r\n<p><strong>\u00a0<\/strong><\/p>\r\n<\/td>\r\n<\/tr>\r\n<tr>\r\n<td rowspan=\"3\">\r\n<p><strong><em>Ensembles Table + Chaises<\/em><\/strong><\/p>\r\n<\/td>\r\n<td>\r\n<p>Table \u00e0 manger + 6 chaises<\/p>\r\n<\/td>\r\n<td>\r\n<p>$200<\/p>\r\n<\/td>\r\n<\/tr>\r\n<tr>\r\n<td>\r\n<p>Table \u00e0 manger + 4 chaises<\/p>\r\n<\/td>\r\n<td>\r\n<p>$150<\/p>\r\n<\/td>\r\n<\/tr>\r\n<tr>\r\n<td>\r\n<p>Table \u00e0 manger + 2 chaises<\/p>\r\n<\/td>\r\n<td>\r\n<p>$100<\/p>\r\n<\/td>\r\n<\/tr>\r\n<tr>\r\n<td rowspan=\"3\">\r\n<p><strong><em>Table<\/em><\/strong><\/p>\r\n<\/td>\r\n<td>\r\n<p>Ensemble de 2 tables de chevet<\/p>\r\n<\/td>\r\n<td>\r\n<p>$100<\/p>\r\n<\/td>\r\n<\/tr>\r\n<tr>\r\n<td>\r\n<p>Table basse avec plateau amovible<\/p>\r\n<\/td>\r\n<td>\r\n<p>$200<\/p>\r\n<\/td>\r\n<\/tr>\r\n<tr>\r\n<td>\r\n<p>Table basse (de base)<\/p>\r\n<\/td>\r\n<td>\r\n<p>$100<\/p>\r\n<\/td>\r\n<\/tr>\r\n<tr>\r\n<td>\r\n<p>&nbsp;<\/p>\r\n<\/td>\r\n<td>\r\n<p><strong><em>\u00a0<\/em><\/strong><\/p>\r\n<\/td>\r\n<td>\r\n<p>&nbsp;<\/p>\r\n<\/td>\r\n<td>\r\n<p>&nbsp;<\/p>\r\n<\/td>\r\n<\/tr>\r\n<tr>\r\n<td rowspan=\"4\">\r\n<p><strong>Autres Assemblages<\/strong> \u00a0<br \/><br \/><strong>100 $ \/ heure<\/strong><\/p>\r\n<\/td>\r\n<td colspan=\"3\">\r\n<p>&nbsp;<\/p>\r\n<\/td>\r\n<\/tr>\r\n<tr>\r\n<td rowspan=\"3\">\r\n<p><strong><em>Autres<\/em><\/strong><\/p>\r\n<\/td>\r\n<td>\r\n<p>Meuble chemin\u00e9e<\/p>\r\n<\/td>\r\n<td>\r\n<p>$150<\/p>\r\n<\/td>\r\n<\/tr>\r\n<tr>\r\n<td>\r\n<p>Petit meuble (moins de 30 po)<\/p>\r\n<\/td>\r\n<td>\r\n<p>$70<\/p>\r\n<\/td>\r\n<\/tr>\r\n<tr>\r\n<td>\r\n<p>Meuble vasque (15-24 po)<\/p>\r\n<\/td>\r\n<td>\r\n<p>\u00a0$100<\/p>\r\n<\/td>\r\n<\/tr>\r\n<tr>\r\n<td>\r\n<p>&nbsp;<\/p>\r\n<\/td>\r\n<td>\r\n<p><strong><em>\u00a0<\/em><\/strong><\/p>\r\n<\/td>\r\n<td>\r\n<p>&nbsp;<\/p>\r\n<\/td>\r\n<td>\r\n<p>&nbsp;<\/p>\r\n<\/td>\r\n<\/tr>\r\n<tr>\r\n<td rowspan=\"10\">\r\n<p><strong>Remplacement<\/strong><br \/><br \/><strong>120 $ \/ heure<\/strong><\/p>\r\n<\/td>\r\n<td colspan=\"3\">\r\n<p>&nbsp;<\/p>\r\n<\/td>\r\n<\/tr>\r\n<tr>\r\n<td rowspan=\"9\">\r\n<p><strong><em>\u00a0<\/em><\/strong><\/p>\r\n<\/td>\r\n<td>\r\n<p>Serrure porte (basic)<\/p>\r\n<\/td>\r\n<td>\r\n<p>$100<\/p>\r\n<\/td>\r\n<\/tr>\r\n<tr>\r\n<td>\r\n<p>Serrure porte (Entr\u00e9e)<\/p>\r\n<\/td>\r\n<td>\r\n<p>$200<\/p>\r\n<\/td>\r\n<\/tr>\r\n<tr>\r\n<td>\r\n<p>Lampe de plafond<\/p>\r\n<\/td>\r\n<td>\r\n<p>$100<\/p>\r\n<\/td>\r\n<\/tr>\r\n<tr>\r\n<td>\r\n<p>Lampe de plafond + contact<\/p>\r\n<\/td>\r\n<td>\r\n<p>$150<\/p>\r\n<\/td>\r\n<\/tr>\r\n<tr>\r\n<td>\r\n<p>Porte<\/p>\r\n<\/td>\r\n<td>\r\n<p>$200<\/p>\r\n<\/td>\r\n<\/tr>\r\n<tr>\r\n<td>\r\n<p>Porte et Cadre<\/p>\r\n<\/td>\r\n<td>\r\n<p>$450<\/p>\r\n<\/td>\r\n<\/tr>\r\n<tr>\r\n<td>\r\n<p>Robinet de Douche<\/p>\r\n<\/td>\r\n<td>\r\n<p>$150<\/p>\r\n<\/td>\r\n<\/tr>\r\n<tr>\r\n<td>\r\n<p>Robinet de cuisine<\/p>\r\n<\/td>\r\n<td>\r\n<p>$150<\/p>\r\n<\/td>\r\n<\/tr>\r\n<tr>\r\n<td>\r\n<p>Toilette<\/p>\r\n<\/td>\r\n<td>\r\n<p>$275<\/p>\r\n<\/td>\r\n<\/tr>\r\n<tr>\r\n<td>\r\n<p>&nbsp;<\/p>\r\n<\/td>\r\n<td>\r\n<p><strong><em>\u00a0<\/em><\/strong><\/p>\r\n<\/td>\r\n<td>\r\n<p>&nbsp;<\/p>\r\n<\/td>\r\n<td>\r\n<p>&nbsp;<\/p>\r\n<\/td>\r\n<\/tr>\r\n<tr>\r\n<td rowspan=\"4\">\r\n<p><strong>Crochet TV<\/strong><br \/><br \/><strong>100 $ \/ heure<\/strong><\/p>\r\n<\/td>\r\n<td colspan=\"3\">\r\n<p>&nbsp;<\/p>\r\n<\/td>\r\n<\/tr>\r\n<tr>\r\n<td rowspan=\"3\">\r\n<p><strong><em>\u00a0<\/em><\/strong><\/p>\r\n<\/td>\r\n<td>\r\n<p>Crochet TV + 1 Miroir<\/p>\r\n<\/td>\r\n<td>\r\n<p>$200<\/p>\r\n<\/td>\r\n<\/tr>\r\n<tr>\r\n<td>\r\n<p>Crochet TV + 1-2 tableaux<\/p>\r\n<\/td>\r\n<td>\r\n<p>$200<\/p>\r\n<\/td>\r\n<\/tr>\r\n<tr>\r\n<td>\r\n<p>Crochet TV<\/p>\r\n<\/td>\r\n<td>\r\n<p>$150<\/p>\r\n<\/td>\r\n<\/tr>\r\n<tr>\r\n<td>\r\n<p>&nbsp;<\/p>\r\n<\/td>\r\n<td>\r\n<p><strong><em>\u00a0<\/em><\/strong><\/p>\r\n<\/td>\r\n<td>\r\n<p>&nbsp;<\/p>\r\n<\/td>\r\n<td>\r\n<p>&nbsp;<\/p>\r\n<\/td>\r\n<\/tr>\r\n<tr>\r\n<td rowspan=\"8\">\r\n<p><strong>Fixation Rideau<\/strong><br \/><br \/><strong>100 $ \/ heure<\/strong><\/p>\r\n<\/td>\r\n<td colspan=\"3\">\r\n<p>&nbsp;<\/p>\r\n<\/td>\r\n<\/tr>\r\n<tr>\r\n<td rowspan=\"7\">\r\n<p><strong><em>\u00a0<\/em><\/strong><\/p>\r\n<\/td>\r\n<td>\r\n<p>1 Unit\u00e9<\/p>\r\n<\/td>\r\n<td>\r\n<p>$100<\/p>\r\n<\/td>\r\n<\/tr>\r\n<tr>\r\n<td>\r\n<p>2 Unit\u00e9s<\/p>\r\n<\/td>\r\n<td>\r\n<p>$150<\/p>\r\n<\/td>\r\n<\/tr>\r\n<tr>\r\n<td>\r\n<p>3 Unit\u00e9s<\/p>\r\n<\/td>\r\n<td>\r\n<p>$200<\/p>\r\n<\/td>\r\n<\/tr>\r\n<tr>\r\n<td>\r\n<p>4 Unit\u00e9s<\/p>\r\n<\/td>\r\n<td>\r\n<p>$250<\/p>\r\n<\/td>\r\n<\/tr>\r\n<tr>\r\n<td>\r\n<p>5-6 Unit\u00e9s<\/p>\r\n<\/td>\r\n<td>\r\n<p>$300<\/p>\r\n<\/td>\r\n<\/tr>\r\n<tr>\r\n<td>\r\n<p>7-9 Unit\u00e9s<\/p>\r\n<\/td>\r\n<td>\r\n<p>$400<\/p>\r\n<\/td>\r\n<\/tr>\r\n<tr>\r\n<td>\r\n<p>10-12 Unit\u00e9s<\/p>\r\n<\/td>\r\n<td>\r\n<p>$500<\/p>\r\n<\/td>\r\n<\/tr>\r\n<tr>\r\n<td>\r\n<p>&nbsp;<\/p>\r\n<\/td>\r\n<td>\r\n<p><strong><em>\u00a0<\/em><\/strong><\/p>\r\n<\/td>\r\n<td>\r\n<p>&nbsp;<\/p>\r\n<\/td>\r\n<td>\r\n<p>&nbsp;<\/p>\r\n<\/td>\r\n<\/tr>\r\n<tr>\r\n<td rowspan=\"3\">\r\n<p><strong>Fixation Miroir<\/strong><br \/><br \/><strong>100 $ \/ heure<\/strong><\/p>\r\n<\/td>\r\n<td colspan=\"3\">\r\n<p>&nbsp;<\/p>\r\n<\/td>\r\n<\/tr>\r\n<tr>\r\n<td rowspan=\"2\">\r\n<p><strong><em>\u00a0<\/em><\/strong><\/p>\r\n<\/td>\r\n<td>\r\n<p>1 Unit\u00e9<\/p>\r\n<\/td>\r\n<td>\r\n<p>$100<\/p>\r\n<\/td>\r\n<\/tr>\r\n<tr>\r\n<td>\r\n<p>Miroir + 1-2 tableaux<\/p>\r\n<\/td>\r\n<td>\r\n<p>$150<\/p>\r\n<\/td>\r\n<\/tr>\r\n<tr>\r\n<td>\r\n<p><strong>Autres Fixations<\/strong>\u00a0<br \/><strong>100 $ \/ heure<\/strong><\/p>\r\n<\/td>\r\n<td colspan=\"3\">\r\n<p>&nbsp;<\/p>\r\n<\/td>\r\n<\/tr>\r\n<tr>\r\n<td rowspan=\"8\">\r\n<p><strong>Nettoyage<\/strong><br \/><br \/><strong>40 $ \/ heure<\/strong><\/p>\r\n<\/td>\r\n<td colspan=\"3\">\r\n<p>&nbsp;<\/p>\r\n<\/td>\r\n<\/tr>\r\n<tr>\r\n<td rowspan=\"5\">\r\n<p><strong><em>Int\u00e9rieur<\/em><\/strong><\/p>\r\n<\/td>\r\n<td>\r\n<p>3 et demi<\/p>\r\n<\/td>\r\n<td>\r\n<p>$135<\/p>\r\n<\/td>\r\n<\/tr>\r\n<tr>\r\n<td>\r\n<p>4 et demi<\/p>\r\n<\/td>\r\n<td>\r\n<p>$150<\/p>\r\n<\/td>\r\n<\/tr>\r\n<tr>\r\n<td>\r\n<p>5 et demi<\/p>\r\n<\/td>\r\n<td>\r\n<p>$185<\/p>\r\n<\/td>\r\n<\/tr>\r\n<tr>\r\n<td>\r\n<p>Salon + Salle \u00e0 manger + Cuisine<\/p>\r\n<\/td>\r\n<td>\r\n<p>$120<\/p>\r\n<\/td>\r\n<\/tr>\r\n<tr>\r\n<td>\r\n<p>Maison Compl\u00e8te<\/p>\r\n<\/td>\r\n<td>\r\n<p>$200<\/p>\r\n<\/td>\r\n<\/tr>\r\n<tr>\r\n<td rowspan=\"2\">\r\n<p><strong><em>Ext\u00e9rieur<\/em><\/strong><\/p>\r\n<\/td>\r\n<td>\r\n<p>Fen\u00eatres : 1 \u00e0 10 unit\u00e9s (1er \u00e9tage)<\/p>\r\n<\/td>\r\n<td>\r\n<p>$100<\/p>\r\n<\/td>\r\n<\/tr>\r\n<tr>\r\n<td>\r\n<p>Fen\u00eatres : 11 \u00e0 20 unit\u00e9s (1er \u00e9tage)<\/p>\r\n<\/td>\r\n<td>\r\n<p>$175<\/p>\r\n<\/td>\r\n<\/tr>\r\n<tr>\r\n<td>\r\n<p>&nbsp;<\/p>\r\n<\/td>\r\n<td>\r\n<p>&nbsp;<\/p>\r\n<\/td>\r\n<td>\r\n<p>&nbsp;<\/p>\r\n<\/td>\r\n<td>\r\n<p>&nbsp;<\/p>\r\n<\/td>\r\n<\/tr>\r\n<tr>\r\n<td rowspan=\"2\">\r\n<p><strong>Aide d\u00e9m\u00e9nagement<\/strong>\u00a0 \u00a0<br \/><br \/><strong>80 $ \/ heure<\/strong><\/p>\r\n<\/td>\r\n<td colspan=\"3\">\r\n<p>&nbsp;<\/p>\r\n<\/td>\r\n<\/tr>\r\n<tr>\r\n<td>\r\n<p><strong><em>Pour la Maison<\/em><\/strong><\/p>\r\n<\/td>\r\n<td>\r\n<p>&nbsp;<\/p>\r\n<\/td>\r\n<td>\r\n<p>80 $ \/ heure\u00a0<\/p>\r\n<\/td>\r\n<\/tr>\r\n<tr>\r\n<td>\r\n<p>&nbsp;<\/p>\r\n<\/td>\r\n<td>\r\n<p><strong><em>\u00a0<\/em><\/strong><\/p>\r\n<\/td>\r\n<td>\r\n<p>&nbsp;<\/p>\r\n<\/td>\r\n<td>\r\n<p>&nbsp;<\/p>\r\n<\/td>\r\n<\/tr>\r\n<tr>\r\n<td rowspan=\"2\">\r\n<p><strong>Courses<\/strong><br \/><br \/><strong>80 $ \/ heure<\/strong><\/p>\r\n<\/td>\r\n<td colspan=\"3\">\r\n<p>&nbsp;<\/p>\r\n<\/td>\r\n<\/tr>\r\n<tr>\r\n<td>\r\n<p><strong><em>\u00a0<\/em><\/strong><\/p>\r\n<\/td>\r\n<td>\r\n<p>0 \u00e0 2 km (30 minutes)<\/p>\r\n<\/td>\r\n<td>\r\n<p>$35<\/p>\r\n<\/td>\r\n<\/tr>\r\n<tr>\r\n<td>\r\n<p>&nbsp;<\/p>\r\n<\/td>\r\n<td colspan=\"3\">\r\n<p>&nbsp;<\/p>\r\n<\/td>\r\n<\/tr>\r\n<\/tbody>\r\n<\/table>\r\n<p>* Pour r\u00e9server un service, <a href=\"https:\/\/b.dovix.ca\/\"><strong>cliquer ici<\/strong><\/a>.\u00a0<\/p>\r\n\r\n\r\n\r\n<p class=\"has-text-align-left\">Dovix, pour la passion du DIY!<\/p>\r\n\r\n\r\n<script>(function() {\n\twindow.mc4wp = window.mc4wp || {\n\t\tlisteners: [],\n\t\tforms: {\n\t\t\ton: function(evt, cb) {\n\t\t\t\twindow.mc4wp.listeners.push(\n\t\t\t\t\t{\n\t\t\t\t\t\tevent   : evt,\n\t\t\t\t\t\tcallback: cb\n\t\t\t\t\t}\n\t\t\t\t);\n\t\t\t}\n\t\t}\n\t}\n})();\n<\/script><!-- Mailchimp for WordPress v4.12.1 - https:\/\/wordpress.org\/plugins\/mailchimp-for-wp\/ --><form id=\"mc4wp-form-1\" class=\"mc4wp-form mc4wp-form-1880\" method=\"post\" data-id=\"1880\" data-name=\"\" action=\"\" ><div class=\"mc4wp-form-fields\"><p>\r\n\t<label>Abonnez-vous \u00e0 notre lettre de nouvelle: <br><br>\r\n\t\t<input type=\"email\" name=\"EMAIL\" placeholder=\"Votre adresse email\" required \/>\r\n<\/label>\r\n<\/p>\r\n\r\n<div class=\"wp-block-button\">\r\n  <input class=\"wp-block-button__link wp-element-button\" type=\"submit\" value=\"S'abonner\" \/>\r\n<\/div><\/div><label style=\"display: none !important;\">Laissez ce champ vide si vous \u00eates humain\u00a0: <input type=\"text\" name=\"_mc4wp_honeypot\" value=\"\" tabindex=\"-1\" autocomplete=\"off\" \/><\/label><input type=\"hidden\" name=\"_mc4wp_timestamp\" value=\"1776023036\" \/><input type=\"hidden\" name=\"_mc4wp_form_id\" value=\"1880\" \/><input type=\"hidden\" name=\"_mc4wp_form_element_id\" value=\"mc4wp-form-1\" \/><div class=\"mc4wp-response\"><\/div><input type=\"hidden\" name=\"trp-form-language\" value=\"fr\"\/><\/form><!-- \/ Mailchimp for WordPress Plugin -->","protected":false},"excerpt":{"rendered":"<p>Our hourly rates range from $85 to $140, depending on the complexity of the work. Taxes are not included in the rates listed below. However, travel expenses are covered in our pricing. Our promotional discounts apply to these prices, where applicable. If you have any questions or need more details, feel free to contact us [&hellip;]<\/p>\n","protected":false},"author":1,"featured_media":0,"parent":0,"menu_order":0,"comment_status":"closed","ping_status":"closed","template":"","meta":{"_monsterinsights_skip_tracking":false,"_monsterinsights_sitenote_active":false,"_monsterinsights_sitenote_note":"","_monsterinsights_sitenote_category":0,"site-sidebar-layout":"default","site-content-layout":"","ast-site-content-layout":"default","site-content-style":"default","site-sidebar-style":"default","ast-global-header-display":"","ast-banner-title-visibility":"","ast-main-header-display":"","ast-hfb-above-header-display":"","ast-hfb-below-header-display":"","ast-hfb-mobile-header-display":"","site-post-title":"","ast-breadcrumbs-content":"","ast-featured-img":"","footer-sml-layout":"","ast-disable-related-posts":"","theme-transparent-header-meta":"","adv-header-id-meta":"","stick-header-meta":"","header-above-stick-meta":"","header-main-stick-meta":"","header-below-stick-meta":"","astra-migrate-meta-layouts":"default","ast-page-background-enabled":"default","ast-page-background-meta":{"desktop":{"background-color":"","background-image":"","background-repeat":"repeat","background-position":"center center","background-size":"auto","background-attachment":"scroll","background-type":"","background-media":"","overlay-type":"","overlay-color":"","overlay-opacity":"","overlay-gradient":""},"tablet":{"background-color":"","background-image":"","background-repeat":"repeat","background-position":"center center","background-size":"auto","background-attachment":"scroll","background-type":"","background-media":"","overlay-type":"","overlay-color":"","overlay-opacity":"","overlay-gradient":""},"mobile":{"background-color":"","background-image":"","background-repeat":"repeat","background-position":"center center","background-size":"auto","background-attachment":"scroll","background-type":"","background-media":"","overlay-type":"","overlay-color":"","overlay-opacity":"","overlay-gradient":""}},"ast-content-background-meta":{"desktop":{"background-color":"var(--ast-global-color-5)","background-image":"","background-repeat":"repeat","background-position":"center center","background-size":"auto","background-attachment":"scroll","background-type":"","background-media":"","overlay-type":"","overlay-color":"","overlay-opacity":"","overlay-gradient":""},"tablet":{"background-color":"var(--ast-global-color-5)","background-image":"","background-repeat":"repeat","background-position":"center center","background-size":"auto","background-attachment":"scroll","background-type":"","background-media":"","overlay-type":"","overlay-color":"","overlay-opacity":"","overlay-gradient":""},"mobile":{"background-color":"var(--ast-global-color-5)","background-image":"","background-repeat":"repeat","background-position":"center center","background-size":"auto","background-attachment":"scroll","background-type":"","background-media":"","overlay-type":"","overlay-color":"","overlay-opacity":"","overlay-gradient":""}},"footnotes":""},"class_list":["post-2883","page","type-page","status-publish","hentry"],"aioseo_notices":[],"_links":{"self":[{"href":"https:\/\/dovix.ca\/fr\/wp-json\/wp\/v2\/pages\/2883","targetHints":{"allow":["GET"]}}],"collection":[{"href":"https:\/\/dovix.ca\/fr\/wp-json\/wp\/v2\/pages"}],"about":[{"href":"https:\/\/dovix.ca\/fr\/wp-json\/wp\/v2\/types\/page"}],"author":[{"embeddable":true,"href":"https:\/\/dovix.ca\/fr\/wp-json\/wp\/v2\/users\/1"}],"replies":[{"embeddable":true,"href":"https:\/\/dovix.ca\/fr\/wp-json\/wp\/v2\/comments?post=2883"}],"version-history":[{"count":2,"href":"https:\/\/dovix.ca\/fr\/wp-json\/wp\/v2\/pages\/2883\/revisions"}],"predecessor-version":[{"id":4950,"href":"https:\/\/dovix.ca\/fr\/wp-json\/wp\/v2\/pages\/2883\/revisions\/4950"}],"wp:attachment":[{"href":"https:\/\/dovix.ca\/fr\/wp-json\/wp\/v2\/media?parent=2883"}],"curies":[{"name":"wp","href":"https:\/\/api.w.org\/{rel}","templated":true}]}}