{"id":2498,"date":"2023-06-09T17:00:30","date_gmt":"2023-06-09T17:00:30","guid":{"rendered":"https:\/\/dovix.ca\/?page_id=2498"},"modified":"2025-03-17T06:44:58","modified_gmt":"2025-03-17T06:44:58","slug":"reserver-un-prestataire","status":"publish","type":"page","link":"https:\/\/dovix.ca\/fr\/reserver-un-prestataire\/","title":{"rendered":"R\u00e9server un prestataire"},"content":{"rendered":"<p>Vous avez besoin de services d\u2019aide, d\u2019entretien, de r\u00e9paration et de bricolage? Utiliser l'application mobile DOVIX pour r\u00e9server un prestataire qualifi\u00e9. Voici les \u00e9tapes \u00e0 suivre:<\/p>\r\n<ol>\r\n<li>Ouvrez Dovix<\/li>\r\n<li>Choisissez la cat\u00e9gorie qui vous int\u00e9resse dans la liste. Faites une recherche au besoin.<\/li>\r\n<li>Ajustez la distance de recherche (au besoin) Choisissez sur la carte le prestataire qui vous int\u00e9resse.<\/li>\r\n<li>Remplissez le formulaire de r\u00e9servation, et soumettez-le.<\/li>\r\n<li>C\u2019est fini. Vous pouvez suivre l\u2019\u00e9tat de votre r\u00e9servation dans le Menu \u00ab Mes r\u00e9servations \u00bb<\/li>\r\n<\/ol>\r\n<p>Si vous n\u2019\u00eates pas s\u00fbr du prestataire que vous voulez ou dont vous aurez besoin, utiliser le formulaire de r\u00e9servation disponible dans le menu de l'Appli Dovix pour nous soumettre votre requ\u00eate.<\/p>\r\n\r\n\r\n\r\n<p class=\"has-text-align-center\">&#8212;&#8212;&#8212;&#8212;&#8212;&#8212;&#8212;-<\/p>\r\n\r\n\r\n\r\n<h5 class=\"wp-block-heading\">Rappel - Pourquoi une application mobile DOVIX?<\/h5>\r\n<p>L\u2019application mobile DOVIX met en relation des <strong>prestataires v\u00e9rifi\u00e9s<\/strong> avec ses utilisateurs et utilisatrices, ayant un besoin de services d\u2019aide, d\u2019entretien, de r\u00e9paration et de bricolage. Elle est disponible sur <a href=\"https:\/\/play.google.com\/store\/apps\/details?id=com.cytno.doviapp\">Google Play Store<\/a> et <a href=\"https:\/\/apps.apple.com\/ca\/app\/dovix\/id1551349198\">Apple Store<\/a>. L\u2019application mobile DOVIX permet \u00e0 ses utilisateurs de cr\u00e9er un compte personnel et d\u2019acc\u00e9der \u00e0 tous ses services. La plateforme en ligne regroupe en un seul endroit divers professionnels ou individus v\u00e9rifi\u00e9s, exp\u00e9riment\u00e9s et r\u00e9put\u00e9s comp\u00e9tents. Nos prestataires sont pr\u00eats \u00e0 offrir une gamme vari\u00e9e de prestations d\u2019aide, d\u2019entretien, de r\u00e9paration et de bricolage. En t\u00e9l\u00e9chargeant l\u2019application mobile DOVIX, vous pouvez ais\u00e9ment identifier et s\u00e9lectionner les professionnels n\u00e9cessaires pour vos projets domestiques.<\/p>\r\n<div class=\"wp-block-columns\">\r\n\r\n\r\n<div class=\"wp-block-column is-layout-flow wp-block-column-is-layout-flow\" style=\"flex-basis: 50%;\">\r\n<figure class=\"wp-block-gallery has-nested-images columns-default is-cropped wp-block-gallery-1 is-layout-flex wp-block-gallery-is-layout-flex\">\r\n<figure class=\"wp-block-image size-large is-style-default\"><img fetchpriority=\"high\" decoding=\"async\" width=\"1024\" height=\"1024\" data-id=\"2805\" class=\"wp-image-2805\" src=\"https:\/\/dovix.ca\/wp-content\/uploads\/2023\/06\/Artboard-1-1024x1024.jpg\" alt=\"\" srcset=\"https:\/\/dovix.ca\/wp-content\/uploads\/2023\/06\/Artboard-1-1024x1024.jpg 1024w, https:\/\/dovix.ca\/wp-content\/uploads\/2023\/06\/Artboard-1-300x300.jpg 300w, https:\/\/dovix.ca\/wp-content\/uploads\/2023\/06\/Artboard-1-100x100.jpg 100w, https:\/\/dovix.ca\/wp-content\/uploads\/2023\/06\/Artboard-1-600x600.jpg 600w, https:\/\/dovix.ca\/wp-content\/uploads\/2023\/06\/Artboard-1-150x150.jpg 150w, https:\/\/dovix.ca\/wp-content\/uploads\/2023\/06\/Artboard-1-768x768.jpg 768w, https:\/\/dovix.ca\/wp-content\/uploads\/2023\/06\/Artboard-1.jpg 1080w\" sizes=\"(max-width: 1024px) 100vw, 1024px\" \/><\/figure>\r\n<\/figure>\r\n<\/div>\r\n<\/div>\r\n<!-- \/wp:post-content -->\r\n\r\n<!-- wp:heading {\"level\":5} -->\r\n<h5>Une aide pr\u00e9cieuse pour les utilisateurs et utilisatrices<\/h5>\r\n<p>L\u2019application mobile DOVIX aide ses utilisateurs et utilisatrices \u00e0 satisfaire rapidement \u00e0 leurs besoins de services divers et en bricolage. Chaque utilisateur ou utilisatrice de l\u2019application DOVIX r\u00e9alise une r\u00e9servation de prestataire de deux mani\u00e8res : en envoyant une demande g\u00e9n\u00e9rale et en laissant DOVIX choisir un prestataire ou une prestatrice parmi sa base de donn\u00e9es, ou en s\u00e9lectionnant une personne sp\u00e9cifique, disponible dans un rayon de 5 \u00e0 50 km. Si le prestataire ou la prestatrice s\u00e9lectionn\u00e9.e s\u2019av\u00e8re indisponible, le travail sera automatiquement r\u00e9assign\u00e9 \u00e0 une autre personne.<\/p>\r\n<p><a href=\"https:\/\/dovix.ca\/fr\/l-appli-dovix-en-bref\/\">En apprendre davantage sur l'application mobile DOVIX<\/a>.<\/p>\r\n<!-- \/wp:heading -->\r\n\r\n<!-- wp:paragraph \/-->\r\n\r\n<!-- wp:paragraph \/-->","protected":false},"excerpt":{"rendered":"<p>Need help, maintenance, repair, or any DIY services? Use the DOVIX mobile app to book a qualified service provider. Here are the steps to follow: Open Dovix. Choose the category you are interested in from the list. Search if necessary. Adjust the search distance (if needed) and select the provider you are interested in on [&hellip;]<\/p>\n","protected":false},"author":7,"featured_media":0,"parent":0,"menu_order":0,"comment_status":"closed","ping_status":"closed","template":"","meta":{"_monsterinsights_skip_tracking":false,"_monsterinsights_sitenote_active":false,"_monsterinsights_sitenote_note":"","_monsterinsights_sitenote_category":0,"site-sidebar-layout":"default","site-content-layout":"","ast-site-content-layout":"default","site-content-style":"default","site-sidebar-style":"default","ast-global-header-display":"","ast-banner-title-visibility":"","ast-main-header-display":"","ast-hfb-above-header-display":"","ast-hfb-below-header-display":"","ast-hfb-mobile-header-display":"","site-post-title":"","ast-breadcrumbs-content":"","ast-featured-img":"","footer-sml-layout":"","ast-disable-related-posts":"","theme-transparent-header-meta":"","adv-header-id-meta":"","stick-header-meta":"","header-above-stick-meta":"","header-main-stick-meta":"","header-below-stick-meta":"","astra-migrate-meta-layouts":"default","ast-page-background-enabled":"default","ast-page-background-meta":{"desktop":{"background-color":"","background-image":"","background-repeat":"repeat","background-position":"center center","background-size":"auto","background-attachment":"scroll","background-type":"","background-media":"","overlay-type":"","overlay-color":"","overlay-opacity":"","overlay-gradient":""},"tablet":{"background-color":"","background-image":"","background-repeat":"repeat","background-position":"center center","background-size":"auto","background-attachment":"scroll","background-type":"","background-media":"","overlay-type":"","overlay-color":"","overlay-opacity":"","overlay-gradient":""},"mobile":{"background-color":"","background-image":"","background-repeat":"repeat","background-position":"center center","background-size":"auto","background-attachment":"scroll","background-type":"","background-media":"","overlay-type":"","overlay-color":"","overlay-opacity":"","overlay-gradient":""}},"ast-content-background-meta":{"desktop":{"background-color":"var(--ast-global-color-5)","background-image":"","background-repeat":"repeat","background-position":"center center","background-size":"auto","background-attachment":"scroll","background-type":"","background-media":"","overlay-type":"","overlay-color":"","overlay-opacity":"","overlay-gradient":""},"tablet":{"background-color":"var(--ast-global-color-5)","background-image":"","background-repeat":"repeat","background-position":"center center","background-size":"auto","background-attachment":"scroll","background-type":"","background-media":"","overlay-type":"","overlay-color":"","overlay-opacity":"","overlay-gradient":""},"mobile":{"background-color":"var(--ast-global-color-5)","background-image":"","background-repeat":"repeat","background-position":"center center","background-size":"auto","background-attachment":"scroll","background-type":"","background-media":"","overlay-type":"","overlay-color":"","overlay-opacity":"","overlay-gradient":""}},"footnotes":""},"class_list":["post-2498","page","type-page","status-publish","hentry"],"aioseo_notices":[],"_links":{"self":[{"href":"https:\/\/dovix.ca\/fr\/wp-json\/wp\/v2\/pages\/2498","targetHints":{"allow":["GET"]}}],"collection":[{"href":"https:\/\/dovix.ca\/fr\/wp-json\/wp\/v2\/pages"}],"about":[{"href":"https:\/\/dovix.ca\/fr\/wp-json\/wp\/v2\/types\/page"}],"author":[{"embeddable":true,"href":"https:\/\/dovix.ca\/fr\/wp-json\/wp\/v2\/users\/7"}],"replies":[{"embeddable":true,"href":"https:\/\/dovix.ca\/fr\/wp-json\/wp\/v2\/comments?post=2498"}],"version-history":[{"count":1,"href":"https:\/\/dovix.ca\/fr\/wp-json\/wp\/v2\/pages\/2498\/revisions"}],"predecessor-version":[{"id":5502,"href":"https:\/\/dovix.ca\/fr\/wp-json\/wp\/v2\/pages\/2498\/revisions\/5502"}],"wp:attachment":[{"href":"https:\/\/dovix.ca\/fr\/wp-json\/wp\/v2\/media?parent=2498"}],"curies":[{"name":"wp","href":"https:\/\/api.w.org\/{rel}","templated":true}]}}