{"id":2496,"date":"2023-06-09T16:30:21","date_gmt":"2023-06-09T16:30:21","guid":{"rendered":"https:\/\/dovix.ca\/?page_id=2496"},"modified":"2025-03-17T07:03:49","modified_gmt":"2025-03-17T07:03:49","slug":"sinscrire-sur-dovix","status":"publish","type":"page","link":"https:\/\/dovix.ca\/fr\/sinscrire-sur-dovix\/","title":{"rendered":"S\u2019inscrire sur DOVIX comme prestataire"},"content":{"rendered":"<div class=\"wp-block-columns is-layout-flex wp-container-core-columns-is-layout-28f84493 wp-block-columns-is-layout-flex\">\r\n<div class=\"wp-block-column is-layout-flow wp-block-column-is-layout-flow\" style=\"flex-basis: 50%;\">\r\n<p>Pour appara\u00eetre sur <a href=\"https:\/\/dovix.ca\/fr\/l-appli-dovix-en-bref\/\">l'application mobile DOVIX<\/a>, chaque individu ou entreprise doit d'abord s'inscrire en tant que prestataire. Les prestataires inscrits sur l'application mobile DOVIX sont des travailleurs ind\u00e9pendants contractuellement associ\u00e9s \u00e0 DOVIX Corporation. Ils s'engagent \u00e0 vous offrir des services de haute qualit\u00e9. En g\u00e9n\u00e9ral, leurs services couvrent un large \u00e9ventail de domaines : entretien, r\u00e9paration, et divers services de bricolage tels que l'assemblage de meubles, et bien plus encore.<\/p>\r\n<\/div>\r\n\r\n\r\n\r\n<div class=\"wp-block-column is-layout-flow wp-block-column-is-layout-flow\" style=\"flex-basis: 50%;\">\r\n<figure class=\"wp-block-image size-large is-resized\"><img decoding=\"async\" class=\"wp-image-2413 lazyload\" data-src=\"https:\/\/dovix.ca\/wp-content\/uploads\/2023\/04\/iphone-517x1024.png\" alt=\"\" width=\"103\" height=\"205\" data-srcset=\"https:\/\/dovix.ca\/wp-content\/uploads\/2023\/04\/iphone-517x1024.png 517w, https:\/\/dovix.ca\/wp-content\/uploads\/2023\/04\/iphone-600x1189.png 600w, https:\/\/dovix.ca\/wp-content\/uploads\/2023\/04\/iphone-775x1536.png 775w, https:\/\/dovix.ca\/wp-content\/uploads\/2023\/04\/iphone-1034x2048.png 1034w, https:\/\/dovix.ca\/wp-content\/uploads\/2023\/04\/iphone-151x300.png 151w, https:\/\/dovix.ca\/wp-content\/uploads\/2023\/04\/iphone-768x1522.png 768w, https:\/\/dovix.ca\/wp-content\/uploads\/2023\/04\/iphone.png 1272w\" data-sizes=\"(max-width: 103px) 100vw, 103px\" src=\"data:image\/svg+xml;base64,PHN2ZyB3aWR0aD0iMSIgaGVpZ2h0PSIxIiB4bWxucz0iaHR0cDovL3d3dy53My5vcmcvMjAwMC9zdmciPjwvc3ZnPg==\" style=\"--smush-placeholder-width: 103px; --smush-placeholder-aspect-ratio: 103\/205;\" \/><\/figure>\r\n<\/div>\r\n<\/div>\r\n\r\n\r\n\r\n<p>Avant que vous puissiez \u00eatre admis comme prestataire sur l\u2019application mobile DOVIX, nous v\u00e9rifions rigoureusement que vous remplissez tous nos crit\u00e8res de s\u00e9lection. De plus, vous aurez besoin d\u2019un t\u00e9l\u00e9phone intelligent capable de t\u00e9l\u00e9charger l\u2019application mobile. Vous devez \u00e9galement vous acquitter des frais requis et vous engager \u00e0 respecter les \u00ab termes et conditions \u00bb de votre contrat avec nous.<\/p>\r\n\r\n\r\n\r\n<h5 class=\"wp-block-heading\">Les \u00e9tapes \u00e0 suivre pour valider son inscription comme prestataire.<\/h5>\r\n<p>Pour s'inscrire comme prestataire sur l'application mobile DOVIX, voici les \u00e9tapes \u00e0 suivre.<\/p>\r\n<ol>\r\n<li>\r\n<p>D'abord v\u00e9rifiez que vous remplissez les conditions applicables \u00e0 la cat\u00e9gorie de travail qui vous int\u00e9resse et que vous pourrez le d\u00e9montrer.<\/p>\r\n<ul>\r\n<li><strong>Assurance<\/strong>: Licence professionnelle valide le cas \u00e9ch\u00e9ant avec une assurance responsabilit\u00e9 civile d\u2019au moins un million de dollars (uniquement pour certaines cat\u00e9gories).<\/li>\r\n<li><strong>RBQ<\/strong>: une inscription au registre est exig\u00e9e pour les travaux n\u00e9cessitant la licence RBQ.<\/li>\r\n<li><strong>Ant\u00e9c\u00e9dents judiciaires<\/strong>: Le prestataire devra prouver que son casier judiciaire est vierge.<\/li>\r\n<li><strong>Qualification<\/strong>: le prestataire devra pr\u00e9senter un dipl\u00f4me de formation ou attestation de travail d\u2019au moins un an dans une entreprise offrant ce type de services ou r\u00e9ussir \u00e0 un test pratique organis\u00e9 par DOVIX.<\/li>\r\n<li><strong>Engagement \u00e0 respecter les valeurs de DOVIX<\/strong>: attention au d\u00e9tail, honn\u00eatet\u00e9, ponctualit\u00e9 et respect.<\/li>\r\n<\/ul>\r\n<\/li>\r\n<li>\r\n<p>Ensuite remplissez le formulaire d\u2019inscription disponible via l\u2019application Dovix.<\/p>\r\n<\/li>\r\n<li>\r\n<p>Enfin, lorsque nous aurons re\u00e7u votre demande, nous communiquerons avec vous pour la suite.<\/p>\r\n<\/li>\r\n<\/ol>\r\n<p>Si votre candidature en vue de l'inscription comme prestataire sur l'application mobile DOVIX satisfait \u00e0 nos exigences et besoins, nous prendrons contact avec vous pour convenir de la suite \u00e0 donner. Vous commencerez \u00e0 fournir des services via notre application mobile DOVIX apr\u00e8s signature du contrat \u00e0 cet effet. \u00c0 ce moment, nous vous donnerons les acc\u00e8s pour la plateforme d\u00e9di\u00e9e, r\u00e9serv\u00e9e exclusivement aux prestataires.<\/p>","protected":false},"excerpt":{"rendered":"<p>To appear on the DOVIX mobile app, each individual or company must first register as a service provider. Providers registered on the DOVIX mobile app are independent contractors who are contractually associated with DOVIX Corporation. They are committed to offering you high-quality services. In general, their services cover a wide range of areas:\u00a0 maintenance, repair, [&hellip;]<\/p>\n","protected":false},"author":7,"featured_media":0,"parent":0,"menu_order":0,"comment_status":"closed","ping_status":"closed","template":"","meta":{"_monsterinsights_skip_tracking":false,"_monsterinsights_sitenote_active":false,"_monsterinsights_sitenote_note":"","_monsterinsights_sitenote_category":0,"site-sidebar-layout":"default","site-content-layout":"","ast-site-content-layout":"default","site-content-style":"default","site-sidebar-style":"default","ast-global-header-display":"","ast-banner-title-visibility":"","ast-main-header-display":"","ast-hfb-above-header-display":"","ast-hfb-below-header-display":"","ast-hfb-mobile-header-display":"","site-post-title":"","ast-breadcrumbs-content":"","ast-featured-img":"","footer-sml-layout":"","ast-disable-related-posts":"","theme-transparent-header-meta":"","adv-header-id-meta":"","stick-header-meta":"","header-above-stick-meta":"","header-main-stick-meta":"","header-below-stick-meta":"","astra-migrate-meta-layouts":"default","ast-page-background-enabled":"default","ast-page-background-meta":{"desktop":{"background-color":"","background-image":"","background-repeat":"repeat","background-position":"center center","background-size":"auto","background-attachment":"scroll","background-type":"","background-media":"","overlay-type":"","overlay-color":"","overlay-opacity":"","overlay-gradient":""},"tablet":{"background-color":"","background-image":"","background-repeat":"repeat","background-position":"center center","background-size":"auto","background-attachment":"scroll","background-type":"","background-media":"","overlay-type":"","overlay-color":"","overlay-opacity":"","overlay-gradient":""},"mobile":{"background-color":"","background-image":"","background-repeat":"repeat","background-position":"center center","background-size":"auto","background-attachment":"scroll","background-type":"","background-media":"","overlay-type":"","overlay-color":"","overlay-opacity":"","overlay-gradient":""}},"ast-content-background-meta":{"desktop":{"background-color":"var(--ast-global-color-5)","background-image":"","background-repeat":"repeat","background-position":"center center","background-size":"auto","background-attachment":"scroll","background-type":"","background-media":"","overlay-type":"","overlay-color":"","overlay-opacity":"","overlay-gradient":""},"tablet":{"background-color":"var(--ast-global-color-5)","background-image":"","background-repeat":"repeat","background-position":"center center","background-size":"auto","background-attachment":"scroll","background-type":"","background-media":"","overlay-type":"","overlay-color":"","overlay-opacity":"","overlay-gradient":""},"mobile":{"background-color":"var(--ast-global-color-5)","background-image":"","background-repeat":"repeat","background-position":"center center","background-size":"auto","background-attachment":"scroll","background-type":"","background-media":"","overlay-type":"","overlay-color":"","overlay-opacity":"","overlay-gradient":""}},"footnotes":""},"class_list":["post-2496","page","type-page","status-publish","hentry"],"aioseo_notices":[],"_links":{"self":[{"href":"https:\/\/dovix.ca\/fr\/wp-json\/wp\/v2\/pages\/2496","targetHints":{"allow":["GET"]}}],"collection":[{"href":"https:\/\/dovix.ca\/fr\/wp-json\/wp\/v2\/pages"}],"about":[{"href":"https:\/\/dovix.ca\/fr\/wp-json\/wp\/v2\/types\/page"}],"author":[{"embeddable":true,"href":"https:\/\/dovix.ca\/fr\/wp-json\/wp\/v2\/users\/7"}],"replies":[{"embeddable":true,"href":"https:\/\/dovix.ca\/fr\/wp-json\/wp\/v2\/comments?post=2496"}],"version-history":[{"count":0,"href":"https:\/\/dovix.ca\/fr\/wp-json\/wp\/v2\/pages\/2496\/revisions"}],"wp:attachment":[{"href":"https:\/\/dovix.ca\/fr\/wp-json\/wp\/v2\/media?parent=2496"}],"curies":[{"name":"wp","href":"https:\/\/api.w.org\/{rel}","templated":true}]}}