{"id":2469,"date":"2023-06-03T05:47:47","date_gmt":"2023-06-03T05:47:47","guid":{"rendered":"https:\/\/dovix.ca\/?page_id=2469"},"modified":"2025-03-17T07:42:54","modified_gmt":"2025-03-17T07:42:54","slug":"l-appli-dovix-en-bref","status":"publish","type":"page","link":"https:\/\/dovix.ca\/fr\/l-appli-dovix-en-bref\/","title":{"rendered":"Nos Services - L\u2019appli DOVIX en bref"},"content":{"rendered":"<figure class=\"wp-block-image aligncenter size-large is-resized\"><img fetchpriority=\"high\" decoding=\"async\" width=\"1024\" height=\"173\" class=\"wp-image-3652\" src=\"https:\/\/dovix.ca\/wp-content\/uploads\/2024\/08\/Linkedin-banner-updated-1024x173.jpg\" alt=\"\" srcset=\"https:\/\/dovix.ca\/wp-content\/uploads\/2024\/08\/Linkedin-banner-updated-1024x173.jpg 1024w, https:\/\/dovix.ca\/wp-content\/uploads\/2024\/08\/Linkedin-banner-updated-600x102.jpg 600w, https:\/\/dovix.ca\/wp-content\/uploads\/2024\/08\/Linkedin-banner-updated-300x51.jpg 300w, https:\/\/dovix.ca\/wp-content\/uploads\/2024\/08\/Linkedin-banner-updated-768x130.jpg 768w, https:\/\/dovix.ca\/wp-content\/uploads\/2024\/08\/Linkedin-banner-updated.jpg 1128w\" sizes=\"(max-width: 1024px) 100vw, 1024px\" \/><\/figure>\r\n\r\n\r\n\r\n<figure class=\"wp-block-image alignleft size-medium is-resized\"><img decoding=\"async\" width=\"300\" height=\"300\" class=\"wp-image-3606 lazyload\" style=\"--smush-placeholder-width: 300px; --smush-placeholder-aspect-ratio: 300\/300;width: 361px; height: auto;\" data-src=\"https:\/\/dovix.ca\/wp-content\/uploads\/2024\/05\/Dovix-300x300.png\" alt=\"\" data-srcset=\"https:\/\/dovix.ca\/wp-content\/uploads\/2024\/05\/Dovix-300x300.png 300w, https:\/\/dovix.ca\/wp-content\/uploads\/2024\/05\/Dovix-100x100.png 100w, https:\/\/dovix.ca\/wp-content\/uploads\/2024\/05\/Dovix-600x600.png 600w, https:\/\/dovix.ca\/wp-content\/uploads\/2024\/05\/Dovix-1536x1536.png 1536w, https:\/\/dovix.ca\/wp-content\/uploads\/2024\/05\/Dovix-2048x2048.png 2048w, https:\/\/dovix.ca\/wp-content\/uploads\/2024\/05\/Dovix-150x150.png 150w, https:\/\/dovix.ca\/wp-content\/uploads\/2024\/05\/Dovix-768x768.png 768w, https:\/\/dovix.ca\/wp-content\/uploads\/2024\/05\/Dovix-1024x1024.png 1024w\" data-sizes=\"(max-width: 300px) 100vw, 300px\" src=\"data:image\/svg+xml;base64,PHN2ZyB3aWR0aD0iMSIgaGVpZ2h0PSIxIiB4bWxucz0iaHR0cDovL3d3dy53My5vcmcvMjAwMC9zdmciPjwvc3ZnPg==\" \/><\/figure>\r\n\r\n\r\n\r\n<p>Vous vous demandez \u00e0 quoi sert <a href=\"https:\/\/dovix.ca\/fr\/telecharger\/\">l'application mobile DOVIX<\/a> ? Eh bien, elle vous donne acc\u00e8s aux services \u00e0 domicile dont vous avez besoin.<\/p>\r\n<p>L'application mobile DOVIX met en relation des prestataires que nous avons v\u00e9rifi\u00e9s et valid\u00e9s avec ses utilisateurs, qui ont besoin de divers services: aide, entretien, r\u00e9paration, assemblage de meubles, et autres services du bricolage. Elle est disponible \u00e0 la fois sur le <a href=\"https:\/\/play.google.com\/store\/apps\/details?id=com.cytno.doviapp\">Google Play Store<\/a> et l' <a href=\"https:\/\/apps.apple.com\/ca\/app\/dovix\/id1551349198\">Apple Store<\/a>. L'application mobile DOVIX permet aux utilisateurs de cr\u00e9er un compte personnel et d'acc\u00e9der \u00e0 tous ses services. La plateforme en ligne regroupe divers professionnels ou individus v\u00e9rifi\u00e9s, exp\u00e9riment\u00e9s et r\u00e9put\u00e9s comp\u00e9tents en un seul endroit. Nos prestataires sont pr\u00eats \u00e0 offrir une large gamme de services d'aide, d'entretien, de r\u00e9paration et de bricolage. En t\u00e9l\u00e9chargeant l'application mobile DOVIX, vous pouvez facilement identifier et s\u00e9lectionner les prestataires dont vous avez besoin pour vos projets domestiques.<\/p>\r\n<p>&nbsp;<\/p>\r\n\r\n\r\n\r\n\r\n\r\n<h5 class=\"wp-block-heading\">Une aide pr\u00e9cieuse pour les utilisateurs et utilisatrices<\/h5>\r\n\r\n\r\n\r\n<figure class=\"wp-block-image alignleft size-medium\"><img decoding=\"async\" width=\"300\" height=\"300\" class=\"wp-image-3655 lazyload\" data-src=\"https:\/\/dovix.ca\/wp-content\/uploads\/2024\/08\/Dovix-besoin-300x300.jpg\" alt=\"\" data-srcset=\"https:\/\/dovix.ca\/wp-content\/uploads\/2024\/08\/Dovix-besoin-300x300.jpg 300w, https:\/\/dovix.ca\/wp-content\/uploads\/2024\/08\/Dovix-besoin-100x100.jpg 100w, https:\/\/dovix.ca\/wp-content\/uploads\/2024\/08\/Dovix-besoin-600x600.jpg 600w, https:\/\/dovix.ca\/wp-content\/uploads\/2024\/08\/Dovix-besoin-150x150.jpg 150w, https:\/\/dovix.ca\/wp-content\/uploads\/2024\/08\/Dovix-besoin-768x768.jpg 768w, https:\/\/dovix.ca\/wp-content\/uploads\/2024\/08\/Dovix-besoin-1024x1024.jpg 1024w, https:\/\/dovix.ca\/wp-content\/uploads\/2024\/08\/Dovix-besoin.jpg 1080w\" data-sizes=\"(max-width: 300px) 100vw, 300px\" src=\"data:image\/svg+xml;base64,PHN2ZyB3aWR0aD0iMSIgaGVpZ2h0PSIxIiB4bWxucz0iaHR0cDovL3d3dy53My5vcmcvMjAwMC9zdmciPjwvc3ZnPg==\" style=\"--smush-placeholder-width: 300px; --smush-placeholder-aspect-ratio: 300\/300;\" \/><\/figure>\r\n\r\n\r\n\r\n<p>L'application mobile DOVIX aide les utilisateurs \u00e0 satisfaire rapidement leurs besoins divers en services et bricolage pour leurs domiciles. Chaque utilisateur de l'application DOVIX peut effectuer une r\u00e9servation de prestataire de deux mani\u00e8res : en envoyant une demande g\u00e9n\u00e9rale et en laissant DOVIX choisir un prestataire parmi sa base de donn\u00e9es, ou en s\u00e9lectionnant une personne sp\u00e9cifique disponible dans un rayon de 5 \u00e0 50 km. Si le prestataire s\u00e9lectionn\u00e9 est indisponible, le travail sera automatiquement r\u00e9assign\u00e9 \u00e0 une autre personne.<\/p>\r\n<p>Vous pouvez suivre l'avancement de votre demande de service depuis l'application, dans la section <strong>\u201cR\u00e9servations\".<\/strong> Une fois la r\u00e9servation confirm\u00e9e, DOVIX activera temporairement le syst\u00e8me de g\u00e9olocalisation pour guider le prestataire vers l'emplacement identifi\u00e9 par l'utilisateur. La communication t\u00e9l\u00e9phonique et SMS entre les deux parties sera \u00e9galement activ\u00e9e et se terminera une fois le travail achev\u00e9. Au final, l'application mobile DOVIX vous assure tranquillit\u00e9 d'esprit en r\u00e9pondant rapidement \u00e0 vos besoins en services de bricolage.<\/p>\r\n\r\n\r\n\r\n\r\n\r\n<h5 class=\"wp-block-heading\">Une tarification simple<\/h5>\r\n\r\n\r\n\r\n<figure class=\"wp-block-image alignleft size-full is-resized\"><img decoding=\"async\" class=\"wp-image-3619 lazyload\" style=\"width: 318px; height: auto;\" data-src=\"https:\/\/dovix.ca\/wp-content\/uploads\/2024\/08\/Dovix-est-la.jpg\" alt=\"\" src=\"data:image\/svg+xml;base64,PHN2ZyB3aWR0aD0iMSIgaGVpZ2h0PSIxIiB4bWxucz0iaHR0cDovL3d3dy53My5vcmcvMjAwMC9zdmciPjwvc3ZnPg==\" \/><\/figure>\r\n\r\n\r\n\r\n<p>L\u2019application mobile DOVIX propose deux modes de tarification : un <strong>taux horaire<\/strong> ou un <strong>tarif fixe<\/strong>. Le tarif fixe est g\u00e9n\u00e9ralement r\u00e9serv\u00e9 aux t\u00e2ches sp\u00e9cifiques, mais le taux horaire peut s\u2019appliquer en tout temps. L'utilisateur ou l'utilisatrice choisit le mode de tarification au moment de la r\u00e9servation. N\u00e9anmoins, le prestataire pourrait le mettre \u00e0 jour, en accord avec l\u2019utilisateur ou l'utilisatrice, au d\u00e9but du service ou du bricolage. Ce type de changement s'impose lorsque l'\u00e9tendue du travail \u00e0 effectuer doit \u00eatre ajust\u00e9e.<\/p>\r\n<p><strong>\u00c0 la fin de la prestation, l'utilisateur ou l'utilisatrice effectue le paiement directement \u00e0 partir de l'application DOVIX en se rendant dans le Menu - Paiements.<\/strong>.<\/p>\r\n<h5>Comptez d\u00e9sormais sur l\u2019application mobile DOVIX pour r\u00e9pondre rapidement \u00e0 vos besoins de services pour la maison.<\/h5>\r\n\r\n\r\n\r\n\r\n\r\n<p><a href=\"https:\/\/dovix.ca\/fr\/telecharger\/\" target=\"_blank\" rel=\"noreferrer noopener\">T\u00e9l\u00e9charger DOVIX<\/a><\/p>","protected":false},"excerpt":{"rendered":"<p>Are you wondering what the DOVIX mobile app is for? Well, it gives you access to the home services you need. The DOVIX mobile app connects validated service providers with its users, who have needs for help, maintenance, repair, and DIY services. It is available on both the Google Play Store and the Apple Store. [&hellip;]<\/p>\n","protected":false},"author":1,"featured_media":0,"parent":0,"menu_order":0,"comment_status":"closed","ping_status":"closed","template":"","meta":{"_monsterinsights_skip_tracking":false,"_monsterinsights_sitenote_active":false,"_monsterinsights_sitenote_note":"","_monsterinsights_sitenote_category":0,"site-sidebar-layout":"default","site-content-layout":"","ast-site-content-layout":"default","site-content-style":"default","site-sidebar-style":"default","ast-global-header-display":"","ast-banner-title-visibility":"","ast-main-header-display":"","ast-hfb-above-header-display":"","ast-hfb-below-header-display":"","ast-hfb-mobile-header-display":"","site-post-title":"","ast-breadcrumbs-content":"","ast-featured-img":"","footer-sml-layout":"","ast-disable-related-posts":"","theme-transparent-header-meta":"","adv-header-id-meta":"","stick-header-meta":"","header-above-stick-meta":"","header-main-stick-meta":"","header-below-stick-meta":"","astra-migrate-meta-layouts":"default","ast-page-background-enabled":"default","ast-page-background-meta":{"desktop":{"background-color":"","background-image":"","background-repeat":"repeat","background-position":"center center","background-size":"auto","background-attachment":"scroll","background-type":"","background-media":"","overlay-type":"","overlay-color":"","overlay-opacity":"","overlay-gradient":""},"tablet":{"background-color":"","background-image":"","background-repeat":"repeat","background-position":"center center","background-size":"auto","background-attachment":"scroll","background-type":"","background-media":"","overlay-type":"","overlay-color":"","overlay-opacity":"","overlay-gradient":""},"mobile":{"background-color":"","background-image":"","background-repeat":"repeat","background-position":"center center","background-size":"auto","background-attachment":"scroll","background-type":"","background-media":"","overlay-type":"","overlay-color":"","overlay-opacity":"","overlay-gradient":""}},"ast-content-background-meta":{"desktop":{"background-color":"var(--ast-global-color-5)","background-image":"","background-repeat":"repeat","background-position":"center center","background-size":"auto","background-attachment":"scroll","background-type":"","background-media":"","overlay-type":"","overlay-color":"","overlay-opacity":"","overlay-gradient":""},"tablet":{"background-color":"var(--ast-global-color-5)","background-image":"","background-repeat":"repeat","background-position":"center center","background-size":"auto","background-attachment":"scroll","background-type":"","background-media":"","overlay-type":"","overlay-color":"","overlay-opacity":"","overlay-gradient":""},"mobile":{"background-color":"var(--ast-global-color-5)","background-image":"","background-repeat":"repeat","background-position":"center center","background-size":"auto","background-attachment":"scroll","background-type":"","background-media":"","overlay-type":"","overlay-color":"","overlay-opacity":"","overlay-gradient":""}},"footnotes":""},"class_list":["post-2469","page","type-page","status-publish","hentry"],"aioseo_notices":[],"_links":{"self":[{"href":"https:\/\/dovix.ca\/fr\/wp-json\/wp\/v2\/pages\/2469","targetHints":{"allow":["GET"]}}],"collection":[{"href":"https:\/\/dovix.ca\/fr\/wp-json\/wp\/v2\/pages"}],"about":[{"href":"https:\/\/dovix.ca\/fr\/wp-json\/wp\/v2\/types\/page"}],"author":[{"embeddable":true,"href":"https:\/\/dovix.ca\/fr\/wp-json\/wp\/v2\/users\/1"}],"replies":[{"embeddable":true,"href":"https:\/\/dovix.ca\/fr\/wp-json\/wp\/v2\/comments?post=2469"}],"version-history":[{"count":0,"href":"https:\/\/dovix.ca\/fr\/wp-json\/wp\/v2\/pages\/2469\/revisions"}],"wp:attachment":[{"href":"https:\/\/dovix.ca\/fr\/wp-json\/wp\/v2\/media?parent=2469"}],"curies":[{"name":"wp","href":"https:\/\/api.w.org\/{rel}","templated":true}]}}