{"id":12,"date":"2025-06-08T19:15:41","date_gmt":"2025-06-08T19:15:41","guid":{"rendered":"https:\/\/dovix.ca\/about\/"},"modified":"2025-06-09T02:28:16","modified_gmt":"2025-06-09T02:28:16","slug":"about","status":"publish","type":"page","link":"https:\/\/dovix.ca\/fr\/about\/","title":{"rendered":"About"},"content":{"rendered":"<div data-elementor-type=\"wp-page\" data-elementor-id=\"12\" class=\"elementor elementor-12\">\n\t\t\t\t<div class=\"elementor-element elementor-element-c317aa9 e-flex e-con-boxed e-con e-parent\" data-id=\"c317aa9\" data-element_type=\"container\" data-e-type=\"container\" data-settings=\"{&quot;background_background&quot;:&quot;classic&quot;}\">\n\t\t\t\t\t<div class=\"e-con-inner\">\n\t\t<div class=\"elementor-element elementor-element-32a3d04 e-con-full e-flex e-con e-child\" data-id=\"32a3d04\" data-element_type=\"container\" data-e-type=\"container\">\n\t\t\t\t<div class=\"elementor-element elementor-element-20d485a elementor-widget elementor-widget-heading\" data-id=\"20d485a\" data-element_type=\"widget\" data-e-type=\"widget\" data-widget_type=\"heading.default\">\n\t\t\t\t<div class=\"elementor-widget-container\">\n\t\t\t\t\t<h1 class=\"elementor-heading-title elementor-size-default\">\u00c0 Propos<\/h1>\t\t\t\t<\/div>\n\t\t\t\t<\/div>\n\t\t\t\t<div class=\"elementor-element elementor-element-0cdb843 elementor-widget-divider--view-line elementor-widget elementor-widget-divider\" data-id=\"0cdb843\" data-element_type=\"widget\" data-e-type=\"widget\" data-widget_type=\"divider.default\">\n\t\t\t\t<div class=\"elementor-widget-container\">\n\t\t\t\t\t\t\t<div class=\"elementor-divider\">\n\t\t\t<span class=\"elementor-divider-separator\">\n\t\t\t\t\t\t<\/span>\n\t\t<\/div>\n\t\t\t\t\t\t<\/div>\n\t\t\t\t<\/div>\n\t\t\t\t<\/div>\n\t\t\t\t\t<\/div>\n\t\t\t\t<\/div>\n\t\t<div class=\"elementor-element elementor-element-0ba4f84 e-flex e-con-boxed e-con e-parent\" data-id=\"0ba4f84\" data-element_type=\"container\" data-e-type=\"container\" data-settings=\"{&quot;background_background&quot;:&quot;classic&quot;}\">\n\t\t\t\t\t<div class=\"e-con-inner\">\n\t\t<div class=\"elementor-element elementor-element-27e9e62 e-con-full e-flex e-con e-child\" data-id=\"27e9e62\" data-element_type=\"container\" data-e-type=\"container\">\n\t\t\t\t<div class=\"elementor-element elementor-element-aa99d70 elementor-widget elementor-widget-image\" data-id=\"aa99d70\" data-element_type=\"widget\" data-e-type=\"widget\" data-widget_type=\"image.default\">\n\t\t\t\t<div class=\"elementor-widget-container\">\n\t\t\t\t\t\t\t\t\t\t\t\t\t\t\t<img fetchpriority=\"high\" decoding=\"async\" width=\"1024\" height=\"1024\" src=\"https:\/\/dovix.ca\/wp-content\/uploads\/2023\/11\/dovix-bedr-1024x1024.jpeg\" class=\"attachment-large size-large wp-image-3255\" alt=\"\" srcset=\"https:\/\/dovix.ca\/wp-content\/uploads\/2023\/11\/dovix-bedr-1024x1024.jpeg 1024w, https:\/\/dovix.ca\/wp-content\/uploads\/2023\/11\/dovix-bedr-300x300.jpeg 300w, https:\/\/dovix.ca\/wp-content\/uploads\/2023\/11\/dovix-bedr-100x100.jpeg 100w, https:\/\/dovix.ca\/wp-content\/uploads\/2023\/11\/dovix-bedr-600x600.jpeg 600w, https:\/\/dovix.ca\/wp-content\/uploads\/2023\/11\/dovix-bedr-150x150.jpeg 150w, https:\/\/dovix.ca\/wp-content\/uploads\/2023\/11\/dovix-bedr-768x768.jpeg 768w, https:\/\/dovix.ca\/wp-content\/uploads\/2023\/11\/dovix-bedr.jpeg 1080w\" sizes=\"(max-width: 1024px) 100vw, 1024px\" \/>\t\t\t\t\t\t\t\t\t\t\t\t\t\t\t<\/div>\n\t\t\t\t<\/div>\n\t\t\t\t<div class=\"elementor-element elementor-element-fe8edae elementor-widget elementor-widget-heading\" data-id=\"fe8edae\" data-element_type=\"widget\" data-e-type=\"widget\" data-widget_type=\"heading.default\">\n\t\t\t\t<div class=\"elementor-widget-container\">\n\t\t\t\t\t<h4 class=\"elementor-heading-title elementor-size-default\">Travail de Qualit\u00e9. Service de Confiance.<\/h4>\t\t\t\t<\/div>\n\t\t\t\t<\/div>\n\t\t\t\t<\/div>\n\t\t<div class=\"elementor-element elementor-element-d093790 e-con-full e-flex e-con e-child\" data-id=\"d093790\" data-element_type=\"container\" data-e-type=\"container\">\n\t\t\t\t<div class=\"elementor-element elementor-element-923e9d7 elementor-widget elementor-widget-image\" data-id=\"923e9d7\" data-element_type=\"widget\" data-e-type=\"widget\" data-widget_type=\"image.default\">\n\t\t\t\t<div class=\"elementor-widget-container\">\n\t\t\t\t\t\t\t\t\t\t\t\t\t\t\t<img decoding=\"async\" width=\"836\" height=\"1024\" data-src=\"https:\/\/dovix.ca\/wp-content\/uploads\/2023\/07\/Image-dovix-4-836x1024.jpg\" class=\"attachment-large size-large wp-image-2855 lazyload\" alt=\"\" data-srcset=\"https:\/\/dovix.ca\/wp-content\/uploads\/2023\/07\/Image-dovix-4-836x1024.jpg 836w, https:\/\/dovix.ca\/wp-content\/uploads\/2023\/07\/Image-dovix-4-600x735.jpg 600w, https:\/\/dovix.ca\/wp-content\/uploads\/2023\/07\/Image-dovix-4-1254x1536.jpg 1254w, https:\/\/dovix.ca\/wp-content\/uploads\/2023\/07\/Image-dovix-4-245x300.jpg 245w, https:\/\/dovix.ca\/wp-content\/uploads\/2023\/07\/Image-dovix-4-768x941.jpg 768w, https:\/\/dovix.ca\/wp-content\/uploads\/2023\/07\/Image-dovix-4.jpg 1306w\" data-sizes=\"(max-width: 836px) 100vw, 836px\" src=\"data:image\/svg+xml;base64,PHN2ZyB3aWR0aD0iMSIgaGVpZ2h0PSIxIiB4bWxucz0iaHR0cDovL3d3dy53My5vcmcvMjAwMC9zdmciPjwvc3ZnPg==\" style=\"--smush-placeholder-width: 836px; --smush-placeholder-aspect-ratio: 836\/1024;\" \/>\t\t\t\t\t\t\t\t\t\t\t\t\t\t\t<\/div>\n\t\t\t\t<\/div>\n\t\t\t\t<\/div>\n\t\t<div class=\"elementor-element elementor-element-cd51e11 e-con-full e-flex e-con e-child\" data-id=\"cd51e11\" data-element_type=\"container\" data-e-type=\"container\">\n\t\t\t\t<div class=\"elementor-element elementor-element-0f081aa elementor-widget elementor-widget-image\" data-id=\"0f081aa\" data-element_type=\"widget\" data-e-type=\"widget\" data-widget_type=\"image.default\">\n\t\t\t\t<div class=\"elementor-widget-container\">\n\t\t\t\t\t\t\t\t\t\t\t\t\t\t\t<img decoding=\"async\" width=\"1024\" height=\"1024\" data-src=\"https:\/\/dovix.ca\/wp-content\/uploads\/2023\/11\/dovix-bestar-1024x1024.jpeg\" class=\"attachment-large size-large wp-image-3254 lazyload\" alt=\"\" data-srcset=\"https:\/\/dovix.ca\/wp-content\/uploads\/2023\/11\/dovix-bestar-1024x1024.jpeg 1024w, https:\/\/dovix.ca\/wp-content\/uploads\/2023\/11\/dovix-bestar-300x300.jpeg 300w, https:\/\/dovix.ca\/wp-content\/uploads\/2023\/11\/dovix-bestar-100x100.jpeg 100w, https:\/\/dovix.ca\/wp-content\/uploads\/2023\/11\/dovix-bestar-600x600.jpeg 600w, https:\/\/dovix.ca\/wp-content\/uploads\/2023\/11\/dovix-bestar-150x150.jpeg 150w, https:\/\/dovix.ca\/wp-content\/uploads\/2023\/11\/dovix-bestar-768x768.jpeg 768w, https:\/\/dovix.ca\/wp-content\/uploads\/2023\/11\/dovix-bestar.jpeg 1080w\" data-sizes=\"(max-width: 1024px) 100vw, 1024px\" src=\"data:image\/svg+xml;base64,PHN2ZyB3aWR0aD0iMSIgaGVpZ2h0PSIxIiB4bWxucz0iaHR0cDovL3d3dy53My5vcmcvMjAwMC9zdmciPjwvc3ZnPg==\" style=\"--smush-placeholder-width: 1024px; --smush-placeholder-aspect-ratio: 1024\/1024;\" \/>\t\t\t\t\t\t\t\t\t\t\t\t\t\t\t<\/div>\n\t\t\t\t<\/div>\n\t\t\t\t<div class=\"elementor-element elementor-element-4b11855 elementor-widget elementor-widget-heading\" data-id=\"4b11855\" data-element_type=\"widget\" data-e-type=\"widget\" data-widget_type=\"heading.default\">\n\t\t\t\t<div class=\"elementor-widget-container\">\n\t\t\t\t\t<h4 class=\"elementor-heading-title elementor-size-default\">Plus de 250 clients nous font confiance<\/h4>\t\t\t\t<\/div>\n\t\t\t\t<\/div>\n\t\t\t\t<\/div>\n\t\t\t\t\t<\/div>\n\t\t\t\t<\/div>\n\t\t<div class=\"elementor-element elementor-element-1bc90b0 e-flex e-con-boxed e-con e-parent\" data-id=\"1bc90b0\" data-element_type=\"container\" data-e-type=\"container\">\n\t\t\t\t\t<div class=\"e-con-inner\">\n\t\t\t\t<div class=\"elementor-element elementor-element-a4dfe30 elementor-widget-divider--view-line elementor-widget elementor-widget-divider\" data-id=\"a4dfe30\" data-element_type=\"widget\" data-e-type=\"widget\" data-widget_type=\"divider.default\">\n\t\t\t\t<div class=\"elementor-widget-container\">\n\t\t\t\t\t\t\t<div class=\"elementor-divider\">\n\t\t\t<span class=\"elementor-divider-separator\">\n\t\t\t\t\t\t<\/span>\n\t\t<\/div>\n\t\t\t\t\t\t<\/div>\n\t\t\t\t<\/div>\n\t\t\t\t\t<\/div>\n\t\t\t\t<\/div>\n\t\t<div class=\"elementor-element elementor-element-2d6d93b e-flex e-con-boxed e-con e-parent\" data-id=\"2d6d93b\" data-element_type=\"container\" data-e-type=\"container\" data-settings=\"{&quot;background_background&quot;:&quot;classic&quot;}\">\n\t\t\t\t\t<div class=\"e-con-inner\">\n\t\t\t\t<div class=\"elementor-element elementor-element-2c9426a elementor-widget__width-initial elementor-widget elementor-widget-text-editor\" data-id=\"2c9426a\" data-element_type=\"widget\" data-e-type=\"widget\" data-widget_type=\"text-editor.default\">\n\t\t\t\t<div class=\"elementor-widget-container\">\n\t\t\t\t\t\t\t\t\t<p data-start=\"429\" data-end=\"818\">Fond\u00e9e en 2023, Dovix est une entreprise locale de confiance sp\u00e9cialis\u00e9e dans les services de bricolage \u00e0 Montr\u00e9al, Qu\u00e9bec. Nous offrons des services de haute qualit\u00e9 en assemblage de meubles, installations et fixations aux propri\u00e9taires, r\u00e9sidences pour personnes \u00e2g\u00e9es et entreprises. En peu de temps, nous avons su satisfaire plus de 250 clients gr\u00e2ce \u00e0 notre rigueur professionnelle, notre souci du d\u00e9tail et notre constance dans la qualit\u00e9 des r\u00e9sultats.<\/p><p data-start=\"820\" data-end=\"1126\">Nous ne sommes pas seulement des travailleurs avec des outils \u2014 nous sommes des professionnels qui comprennent l\u2019importance d\u2019un int\u00e9rieur bien am\u00e9nag\u00e9. Qu\u2019il s\u2019agisse d\u2019assembler des meubles complexes, d\u2019installer solidement des t\u00e9l\u00e9viseurs ou des accessoires, ou de r\u00e9aliser des installations sur mesure, chaque projet est trait\u00e9 avec pr\u00e9cision et soin.\nPas de raccourcis. Aucun compromis.<\/p><p data-start=\"1128\" data-end=\"1491\">Notre engagement envers un service fiable nous a valu la confiance de plusieurs clients d\u2019envergure, dont des institutions pour personnes \u00e2g\u00e9es reconnues comme The Teapot, Lumia et bien d'autres. Ces partenariats refl\u00e8tent notre professionnalisme et la tranquillit\u00e9 d\u2019esprit que nous apportons dans chaque environnement \u2014 en particulier l\u00e0 o\u00f9 la s\u00e9curit\u00e9, l\u2019accessibilit\u00e9 et le respect sont essentiels.<\/p><p data-start=\"1888\" data-end=\"2065\">Nous ne sommes pas une franchise.\nNous sommes une entreprise locale, construite de z\u00e9ro par des experts qui connaissent les besoins r\u00e9els des r\u00e9sidents et des \u00e9tablissements montr\u00e9alais.<\/p><p data-start=\"2067\" data-end=\"2200\">Chez Dovix, notre mission est simple\u00a0:<br data-start=\"2098\" data-end=\"2101\" \/>Offrir des services fiables, avec professionnalisme, s\u00e9curit\u00e9 et r\u00e9sultats \u2014 \u00e0 chaque intervention.<\/p>\t\t\t\t\t\t\t\t<\/div>\n\t\t\t\t<\/div>\n\t\t\t\t\t<\/div>\n\t\t\t\t<\/div>\n\t\t<div class=\"elementor-element elementor-element-c3c5108 e-flex e-con-boxed e-con e-parent\" data-id=\"c3c5108\" data-element_type=\"container\" data-e-type=\"container\">\n\t\t\t\t\t<div class=\"e-con-inner\">\n\t\t\t\t<div class=\"elementor-element elementor-element-7883578 elementor-widget-divider--view-line elementor-widget elementor-widget-divider\" data-id=\"7883578\" data-element_type=\"widget\" data-e-type=\"widget\" data-widget_type=\"divider.default\">\n\t\t\t\t<div class=\"elementor-widget-container\">\n\t\t\t\t\t\t\t<div class=\"elementor-divider\">\n\t\t\t<span class=\"elementor-divider-separator\">\n\t\t\t\t\t\t<\/span>\n\t\t<\/div>\n\t\t\t\t\t\t<\/div>\n\t\t\t\t<\/div>\n\t\t\t\t\t<\/div>\n\t\t\t\t<\/div>\n\t\t<div class=\"elementor-element elementor-element-5ac2d42 e-flex e-con-boxed e-con e-parent\" data-id=\"5ac2d42\" data-element_type=\"container\" data-e-type=\"container\" data-settings=\"{&quot;background_background&quot;:&quot;classic&quot;}\">\n\t\t\t\t\t<div class=\"e-con-inner\">\n\t\t<div class=\"elementor-element elementor-element-edb261c e-con-full e-flex e-con e-child\" data-id=\"edb261c\" data-element_type=\"container\" data-e-type=\"container\">\n\t\t\t\t<div class=\"elementor-element elementor-element-6290a5a elementor-widget elementor-widget-image\" data-id=\"6290a5a\" data-element_type=\"widget\" data-e-type=\"widget\" data-widget_type=\"image.default\">\n\t\t\t\t<div class=\"elementor-widget-container\">\n\t\t\t\t\t\t\t\t\t\t\t\t\t\t\t<img decoding=\"async\" width=\"590\" height=\"430\" data-src=\"https:\/\/dovix.ca\/wp-content\/uploads\/2025\/06\/TV-Stand-Assembly-2.jpg\" class=\"attachment-large size-large wp-image-4807 lazyload\" alt=\"\" data-srcset=\"https:\/\/dovix.ca\/wp-content\/uploads\/2025\/06\/TV-Stand-Assembly-2.jpg 590w, https:\/\/dovix.ca\/wp-content\/uploads\/2025\/06\/TV-Stand-Assembly-2-16x12.jpg 16w, https:\/\/dovix.ca\/wp-content\/uploads\/2025\/06\/TV-Stand-Assembly-2-300x219.jpg 300w\" data-sizes=\"(max-width: 590px) 100vw, 590px\" src=\"data:image\/svg+xml;base64,PHN2ZyB3aWR0aD0iMSIgaGVpZ2h0PSIxIiB4bWxucz0iaHR0cDovL3d3dy53My5vcmcvMjAwMC9zdmciPjwvc3ZnPg==\" style=\"--smush-placeholder-width: 590px; --smush-placeholder-aspect-ratio: 590\/430;\" \/>\t\t\t\t\t\t\t\t\t\t\t\t\t\t\t<\/div>\n\t\t\t\t<\/div>\n\t\t\t\t<\/div>\n\t\t<div class=\"elementor-element elementor-element-fb51b1d e-con-full e-flex e-con e-child\" data-id=\"fb51b1d\" data-element_type=\"container\" data-e-type=\"container\">\n\t\t\t\t<div class=\"elementor-element elementor-element-59bf379 elementor-widget elementor-widget-heading\" data-id=\"59bf379\" data-element_type=\"widget\" data-e-type=\"widget\" data-widget_type=\"heading.default\">\n\t\t\t\t<div class=\"elementor-widget-container\">\n\t\t\t\t\t<h6 class=\"elementor-heading-title elementor-size-default\">Pourquoi Nous Choisir ?<\/h6>\t\t\t\t<\/div>\n\t\t\t\t<\/div>\n\t\t\t\t<div class=\"elementor-element elementor-element-8c576c5 elementor-widget elementor-widget-hfe-infocard\" data-id=\"8c576c5\" data-element_type=\"widget\" data-e-type=\"widget\" data-widget_type=\"hfe-infocard.default\">\n\t\t\t\t<div class=\"elementor-widget-container\">\n\t\t\t\t\t\n\t\t<div class=\"hfe-infocard\">\n\t\t\t\t\t\t\t\t\t<div class=\"hfe-infocard-title-wrap\">\n\t\t\t\t<h4 class=\"hfe-infocard-title elementor-inline-editing\" data-elementor-setting-key=\"infocard_title\" data-elementor-inline-editing-toolbar=\"basic\" >Priorit\u00e9 \u00e0 une ex\u00e9cution rapide et efficace <\/h4>\t\t\t<\/div>\n\t\t\t\t\t\t<div class=\"hfe-infocard-text-wrap\">\n\t\t\t\t<div class=\"hfe-infocard-text elementor-inline-editing\" data-elementor-setting-key=\"infocard_description\" data-elementor-inline-editing-toolbar=\"advanced\">\n\t\t\t\t\tNous croyons que l\u2019excellence du service doit \u00e9voluer.\nC\u2019est pourquoi nous nous pr\u00e9parons \u00e0 \u00e9largir notre expertise avec le lancement de notre division de Gestion Immobili\u00e8re d\u2019ici 2026.\nCe nouveau d\u00e9partement nous permettra de servir les propri\u00e9taires immobiliers, les bailleurs et les locataires avec le m\u00eame niveau d\u2019exigence, en offrant des services d\u2019entretien, de supervision et de soutien op\u00e9rationnel, avec transparence et responsabilit\u00e9.\t\t\t\t<\/div>\n\t\t\t\t\t\t\t<\/div>\n\t\t<\/div>\n\n\t\t\t\t\t\t<\/div>\n\t\t\t\t<\/div>\n\t\t\t\t<div class=\"elementor-element elementor-element-1b9cb39 elementor-tablet-align-start elementor-mobile-align-start elementor-icon-list--layout-traditional elementor-list-item-link-full_width elementor-widget elementor-widget-icon-list\" data-id=\"1b9cb39\" data-element_type=\"widget\" data-e-type=\"widget\" data-widget_type=\"icon-list.default\">\n\t\t\t\t<div class=\"elementor-widget-container\">\n\t\t\t\t\t\t\t<ul class=\"elementor-icon-list-items\">\n\t\t\t\t\t\t\t<li class=\"elementor-icon-list-item\">\n\t\t\t\t\t\t\t\t\t\t\t<span class=\"elementor-icon-list-icon\">\n\t\t\t\t\t\t\t<i aria-hidden=\"true\" class=\"fas fa-check-circle\"><\/i>\t\t\t\t\t\t<\/span>\n\t\t\t\t\t\t\t\t\t\t<span class=\"elementor-icon-list-text\">Satisfaction Garantie<\/span>\n\t\t\t\t\t\t\t\t\t<\/li>\n\t\t\t\t\t\t\t\t<li class=\"elementor-icon-list-item\">\n\t\t\t\t\t\t\t\t\t\t\t<span class=\"elementor-icon-list-icon\">\n\t\t\t\t\t\t\t<i aria-hidden=\"true\" class=\"fas fa-check-circle\"><\/i>\t\t\t\t\t\t<\/span>\n\t\t\t\t\t\t\t\t\t\t<span class=\"elementor-icon-list-text\">Tarification forfaitaire et transparente \u2014 aucun frais de temps suppl\u00e9mentaire.<\/span>\n\t\t\t\t\t\t\t\t\t<\/li>\n\t\t\t\t\t\t\t\t<li class=\"elementor-icon-list-item\">\n\t\t\t\t\t\t\t\t\t\t\t<span class=\"elementor-icon-list-icon\">\n\t\t\t\t\t\t\t<i aria-hidden=\"true\" class=\"fas fa-check-circle\"><\/i>\t\t\t\t\t\t<\/span>\n\t\t\t\t\t\t\t\t\t\t<span class=\"elementor-icon-list-text\">Modes de Paiement Facilit\u00e9s<\/span>\n\t\t\t\t\t\t\t\t\t<\/li>\n\t\t\t\t\t\t<\/ul>\n\t\t\t\t\t\t<\/div>\n\t\t\t\t<\/div>\n\t\t\t\t<\/div>\n\t\t\t\t\t<\/div>\n\t\t\t\t<\/div>\n\t\t\t\t<\/div>","protected":false},"excerpt":{"rendered":"<p>About Us Quality Work. Trusted Service. We Are Trusted by More Than 250+ Clients Founded in 2023, Dovix is a proudly local handyman company based in Montreal, Quebec, offering high-quality furniture assembly, installations, and fixations to homeowners, senior residences, and businesses. In just a short time, we\u2019ve grown to serve over 250 satisfied customers, thanks [&hellip;]<\/p>\n","protected":false},"author":1,"featured_media":0,"parent":0,"menu_order":0,"comment_status":"closed","ping_status":"closed","template":"","meta":{"_monsterinsights_skip_tracking":false,"_monsterinsights_sitenote_active":false,"_monsterinsights_sitenote_note":"","_monsterinsights_sitenote_category":0,"site-sidebar-layout":"no-sidebar","site-content-layout":"page-builder","ast-site-content-layout":"full-width-container","site-content-style":"unboxed","site-sidebar-style":"unboxed","ast-global-header-display":"","ast-banner-title-visibility":"","ast-main-header-display":"","ast-hfb-above-header-display":"","ast-hfb-below-header-display":"","ast-hfb-mobile-header-display":"","site-post-title":"disabled","ast-breadcrumbs-content":"disabled","ast-featured-img":"disabled","footer-sml-layout":"","ast-disable-related-posts":"","theme-transparent-header-meta":"enabled","adv-header-id-meta":"","stick-header-meta":"","header-above-stick-meta":"","header-main-stick-meta":"","header-below-stick-meta":"","astra-migrate-meta-layouts":"set","ast-page-background-enabled":"default","ast-page-background-meta":{"desktop":{"background-color":"","background-image":"","background-repeat":"repeat","background-position":"center center","background-size":"auto","background-attachment":"scroll","background-type":"","background-media":"","overlay-type":"","overlay-color":"","overlay-opacity":"","overlay-gradient":""},"tablet":{"background-color":"","background-image":"","background-repeat":"repeat","background-position":"center center","background-size":"auto","background-attachment":"scroll","background-type":"","background-media":"","overlay-type":"","overlay-color":"","overlay-opacity":"","overlay-gradient":""},"mobile":{"background-color":"","background-image":"","background-repeat":"repeat","background-position":"center center","background-size":"auto","background-attachment":"scroll","background-type":"","background-media":"","overlay-type":"","overlay-color":"","overlay-opacity":"","overlay-gradient":""}},"ast-content-background-meta":{"desktop":{"background-color":"var(--ast-global-color-5)","background-image":"","background-repeat":"repeat","background-position":"center center","background-size":"auto","background-attachment":"scroll","background-type":"","background-media":"","overlay-type":"","overlay-color":"","overlay-opacity":"","overlay-gradient":""},"tablet":{"background-color":"var(--ast-global-color-5)","background-image":"","background-repeat":"repeat","background-position":"center center","background-size":"auto","background-attachment":"scroll","background-type":"","background-media":"","overlay-type":"","overlay-color":"","overlay-opacity":"","overlay-gradient":""},"mobile":{"background-color":"var(--ast-global-color-5)","background-image":"","background-repeat":"repeat","background-position":"center center","background-size":"auto","background-attachment":"scroll","background-type":"","background-media":"","overlay-type":"","overlay-color":"","overlay-opacity":"","overlay-gradient":""}},"footnotes":""},"class_list":["post-12","page","type-page","status-publish","hentry"],"aioseo_notices":[],"_links":{"self":[{"href":"https:\/\/dovix.ca\/fr\/wp-json\/wp\/v2\/pages\/12","targetHints":{"allow":["GET"]}}],"collection":[{"href":"https:\/\/dovix.ca\/fr\/wp-json\/wp\/v2\/pages"}],"about":[{"href":"https:\/\/dovix.ca\/fr\/wp-json\/wp\/v2\/types\/page"}],"author":[{"embeddable":true,"href":"https:\/\/dovix.ca\/fr\/wp-json\/wp\/v2\/users\/1"}],"replies":[{"embeddable":true,"href":"https:\/\/dovix.ca\/fr\/wp-json\/wp\/v2\/comments?post=12"}],"version-history":[{"count":12,"href":"https:\/\/dovix.ca\/fr\/wp-json\/wp\/v2\/pages\/12\/revisions"}],"predecessor-version":[{"id":4994,"href":"https:\/\/dovix.ca\/fr\/wp-json\/wp\/v2\/pages\/12\/revisions\/4994"}],"wp:attachment":[{"href":"https:\/\/dovix.ca\/fr\/wp-json\/wp\/v2\/media?parent=12"}],"curies":[{"name":"wp","href":"https:\/\/api.w.org\/{rel}","templated":true}]}}