{"id":1116,"date":"2023-01-27T23:08:06","date_gmt":"2023-01-27T23:08:06","guid":{"rendered":"https:\/\/dovix.ca\/?page_id=1116"},"modified":"2025-06-09T08:25:54","modified_gmt":"2025-06-09T08:25:54","slug":"who-we-are1","status":"publish","type":"page","link":"https:\/\/dovix.ca\/fr\/who-we-are1\/","title":{"rendered":"Who We Are old"},"content":{"rendered":"<p>DOVIX Corporation est une entreprise qu\u00e9b\u00e9coise engag\u00e9e dans des pratiques de d\u00e9veloppement durable pour prot\u00e9ger l'environnement. Dans notre domaine principal d'activit\u00e9, nous proposons une large gamme de <a href=\"https:\/\/b.dovix.ca\/\">services \u00e0 domicile<\/a> et mettons en relation les clients avec des prestataires locaux de confiance. Vous pouvez facilement r\u00e9server nos services via l'application mobile DOVIX, <a href=\"https:\/\/b.dovix.ca\/\">notre site web<\/a>ou en nous appelant. Alternativement, n'h\u00e9sitez pas \u00e0 visiter notre bureau en personne.<\/p>\r\n<p><strong>Les informations n\u00e9cessaires pour nous contacter sont fournies <a href=\"https:\/\/b.dovix.ca\/contact-us\/\">ici<\/a>.<\/strong><\/p>\r\n<p>Additionally, we collect abandoned wooden furniture to recycle and create various furniture pieces available in <a href=\"https:\/\/dovix.ca\/fr\/our-store\/\">our store<\/a>De plus, nous r\u00e9cup\u00e9rons des meubles en bois abandonn\u00e9s pour les recycler et cr\u00e9er divers meubles disponibles dans notre boutique. Ainsi, nous favorisons des pratiques de consommation plus durables.<\/p>\r\n\r\n\r\n\r\n<h4 class=\"wp-block-heading\">L'application mobile Dovix<\/h4>\r\n<p class=\"wp-block-heading\"><img fetchpriority=\"high\" decoding=\"async\" class=\"wp-image-947 alignleft\" src=\"https:\/\/dovix.ca\/wp-content\/uploads\/2023\/01\/top-1-1024X225-px.jpg\" alt=\"\" width=\"672\" height=\"148\" \/><\/p>\r\n<p class=\"wp-block-heading\">Cette lampe ajoutera une touche d'\u00e9l\u00e9gance naturelle \u00e0 votre espace de vie et vous donnera l'opportunit\u00e9 de faire briller votre engagement pour l'environnement. <a href=\"https:\/\/dovix.ca\/fr\/telecharger\/\">application mobile Dovix<\/a> met en relation les prestataires de services avec des utilisateurs r\u00e9sidentiels ayant besoin de divers services, bricolage, assemblage de meubles, ou autre. Elle est disponible sur <a href=\"https:\/\/play.google.com\/store\/apps\/details?id=com.cytno.doviapp\">Google Play Store<\/a> et <a href=\"https:\/\/apps.apple.com\/ca\/app\/dovix\/id1551349198\">Apple Store<\/a>. Cette application mobile intuitive et s\u00e9curis\u00e9e permet aux utilisateurs de cr\u00e9er un compte personnel et d'acc\u00e9der \u00e0 une gamme de services pr\u00e9d\u00e9finis disponibles 24h\/24 et 7j\/7, directement depuis un smartphone.<\/p>\r\n\r\n\r\n\r\n<p>La plateforme en ligne regroupe une vari\u00e9t\u00e9 d'employ\u00e9s et de prestataires externes en un seul endroit. Ainsi, les utilisateurs peuvent facilement identifier et s\u00e9lectionner les prestataires n\u00e9cessaires pour leurs projets. L'application mobile DOVIX se sp\u00e9cialise dans les t\u00e2ches, r\u00e9alis\u00e9es en une heure ou plus.<\/p>\r\n<p>Chaque client DOVIX peut effectuer une r\u00e9servation de service de deux mani\u00e8res. Il peut soit soumettre une demande g\u00e9n\u00e9rale et laisser DOVIX attribuer un prestataire \u00e0 partir de sa base de donn\u00e9es, soit s\u00e9lectionner un prestataire sp\u00e9cifique disponible dans un rayon de 5 \u00e0 50 km. Si le prestataire s\u00e9lectionn\u00e9 est indisponible, nous attribuerons un autre professionnel pour prendre en charge la t\u00e2che.<\/p>\r\n<p>De plus, via l'application, les utilisateurs peuvent suivre leurs demandes de service dans la section \u00ab R\u00e9servations \u00bb. La g\u00e9olocalisation est activ\u00e9e temporairement une fois la r\u00e9servation confirm\u00e9e pour guider le prestataire vers le lieu sp\u00e9cifi\u00e9 par l'utilisateur. La communication t\u00e9l\u00e9phonique et par SMS entre les deux parties est \u00e9galement activ\u00e9e et prendra fin une fois le travail termin\u00e9.<\/p>\r\n\r\n\r\n\r\n\r\n\r\n<h5 class=\"wp-block-heading\">Tarification sur l'application mobile Dovix<\/h5>\r\n\r\n\r\n\r\n<figure class=\"wp-block-gallery alignright has-nested-images columns-default is-cropped wp-block-gallery-1 is-layout-flex wp-block-gallery-is-layout-flex\">\r\n<figure class=\"wp-block-image size-full\"><img decoding=\"async\" data-id=\"946\" class=\"alignnone wp-image-3654 lazyload\" data-src=\"https:\/\/dovix.ca\/wp-content\/uploads\/2024\/08\/besoin-dovix-1024x1024.jpg\" alt=\"\" width=\"436\" height=\"436\" data-srcset=\"https:\/\/dovix.ca\/wp-content\/uploads\/2024\/08\/besoin-dovix-1024x1024.jpg 1024w, https:\/\/dovix.ca\/wp-content\/uploads\/2024\/08\/besoin-dovix-300x300.jpg 300w, https:\/\/dovix.ca\/wp-content\/uploads\/2024\/08\/besoin-dovix-100x100.jpg 100w, https:\/\/dovix.ca\/wp-content\/uploads\/2024\/08\/besoin-dovix-600x600.jpg 600w, https:\/\/dovix.ca\/wp-content\/uploads\/2024\/08\/besoin-dovix-150x150.jpg 150w, https:\/\/dovix.ca\/wp-content\/uploads\/2024\/08\/besoin-dovix-768x768.jpg 768w, https:\/\/dovix.ca\/wp-content\/uploads\/2024\/08\/besoin-dovix.jpg 1080w\" data-sizes=\"(max-width: 436px) 100vw, 436px\" src=\"data:image\/svg+xml;base64,PHN2ZyB3aWR0aD0iMSIgaGVpZ2h0PSIxIiB4bWxucz0iaHR0cDovL3d3dy53My5vcmcvMjAwMC9zdmciPjwvc3ZnPg==\" style=\"--smush-placeholder-width: 436px; --smush-placeholder-aspect-ratio: 436\/436;\" \/><\/figure>\r\n<\/figure>\r\n<p>L'application mobile Dovix propose deux modes de tarification : un tarif horaire ou un tarif fixe. Le tarif fixe est g\u00e9n\u00e9ralement r\u00e9serv\u00e9 aux t\u00e2ches sp\u00e9cifiques et pr\u00e9d\u00e9finies, tandis que le tarif horaire peut s'appliquer \u00e0 tout moment. L'utilisateur choisit le mode de tarification au moment de la r\u00e9servation. Cependant, le prestataire peut le mettre \u00e0 jour d'un commun accord avec l'utilisateur au d\u00e9but du travail.<\/p>\r\n\r\n\r\n\r\n<h5 class=\"wp-block-heading\">Nos prestataires sur l'application mobile DOVIX<\/h5>\r\n\r\n\r\n\r\n<p>Dovix Corporation emploie des salari\u00e9s qui offrent des services dans diverses cat\u00e9gories. Nous permettons parfois aux prestataires externes de rejoindre la plateforme. Dans ce cas, les prestataires sont des travailleurs autonomes ou des entreprises que nous \u00e9valuons et validons. Ils proposent des services \u00e0 la demande aux clients dans leur zone g\u00e9ographique d'int\u00e9r\u00eat. L'int\u00e9gration de prestataires dans notre \u00e9quipe nous permet d'\u00e9largir notre offre de services en nous appuyant sur des personnes comp\u00e9tentes, offrant des prestations flexibles dans l'une de nos cat\u00e9gories de service.<\/p>\r\n<p>Les prestataires non salari\u00e9s, int\u00e9ress\u00e9s \u00e0 offrir des services via Dovix doivent soumettre une demande d'inscription en utilisant l'application Dovix. Nous examinons chaque candidature et, si elle est accept\u00e9e, le prestataire obtient l'acc\u00e8s \u00e0 \u00ab Dovix Worker \u00bb pour consulter et g\u00e9rer les demandes de service re\u00e7ues des utilisateurs. Tous les prestataires inscrits sur Dovix doivent adh\u00e9rer aux valeurs de l'entreprise.<\/p>\r\n\r\n\r\n\r\n<figure class=\"wp-block-table\">\r\n<table>\r\n<thead>\r\n<tr>\r\n<td>Sans casier judiciaire<\/td>\r\n<td>Licence RBQ \u00e0 jour, si applicable<\/td>\r\n<td>Attention au d\u00e9tail<\/td>\r\n<\/tr>\r\n<tr>\r\n<td>Honn\u00eatet\u00e9<\/td>\r\n<td>Respect<\/td>\r\n<td>Ponctualit\u00e9<\/td>\r\n<\/tr>\r\n<\/thead>\r\n<\/table>\r\n<\/figure>\r\n\r\n\r\n\r\n<p>Les avantages de notre plateforme pour les prestataires incluent la possibilit\u00e9 de trouver de nouveaux clients et d'augmenter leurs revenus. Pour les utilisateurs et utilisatrices de notre application, l'identification et la s\u00e9lection des prestataires sont grandement simplifi\u00e9es. En toute tranquillit\u00e9, ils b\u00e9n\u00e9ficient de services de qualit\u00e9 gr\u00e2ce \u00e0 DOVIX.<\/p>\r\n\r\n\r\n\r\n<h4 class=\"wp-block-heading\">Le recyclage de meubles en bois en produits artisanaux chez Dovix<\/h4>\r\n\r\n\r\n\r\n<p>Notre initiative de recyclage de vieux meubles en bois en produits artisanaux contribue \u00e0 la r\u00e9duction des d\u00e9chets et \u00e0 la pr\u00e9servation des ressources naturelles. Elle fait partie d'une \u00e9conomie circulaire qui encourage l'utilisation et la r\u00e9utilisation des mat\u00e9riaux existants plut\u00f4t que leur \u00e9limination. Dans ce domaine d'activit\u00e9, nos objectifs sont les suivants :<\/p>\r\n<ul>\r\n<li>Former le public au bricolage tout en sensibilisant \u00e0 l'importance du recyclage.<\/li>\r\n<li>R\u00e9cup\u00e9rer les meubles en bois abandonn\u00e9s, d\u00e9mod\u00e9s, d\u00e9class\u00e9s ou endommag\u00e9s, et les transformer en produits artistiques durables.<\/li>\r\n<\/ul>\r\n\r\n\r\n\r\n<h5 class=\"wp-block-heading\"><strong>Nos Pi\u00e8ces Uniques<\/strong><\/h5>\r\n<p>La mati\u00e8re premi\u00e8re pour nos activit\u00e9s de formation au bricolage provient de personnes engag\u00e9es dans la protection de l'environnement. Lorsqu'un citoyen nous contacte pour organiser la collecte d'un meuble en bois \u00e0 recycler, nous assurons son transport depuis son emplacement d'origine jusqu'\u00e0 notre atelier. Nous d\u00e9montons soigneusement les composants du meuble afin de minimiser les d\u00e9chets secondaires. Pendant nos ateliers de bricolage, nous cr\u00e9ons ensuite de nouveaux meubles durables et tendance dans notre atelier local. Parmi les exemples, on trouve des tables de chevet, des meubles TV, des tables, des chaises, des \u00e9tag\u00e8res et des armoires. Chacun de nos produits est une pi\u00e8ce unique. En offrant une alternative \u00e9cologique aux produits fabriqu\u00e9s en s\u00e9rie, nous contribuons \u00e0 r\u00e9duire l'empreinte carbone associ\u00e9e \u00e0 l'industrie du mobilier.<\/p>\r\n<h5><strong>Notre engagement<\/strong><\/h5>\r\n<p>Nous utilisons des vid\u00e9os et les r\u00e9seaux sociaux pour sensibiliser le public \u00e0 l'importance du recyclage du bois abandonn\u00e9. Nous organisons \u00e9galement des \u00e9v\u00e9nements locaux pour partager ces messages essentiels. De plus, nous collaborons avec des \u00e9coles locales pour offrir des programmes \u00e9ducatifs visant \u00e0 enseigner aux enfants la r\u00e9duction des d\u00e9chets et la pr\u00e9servation des ressources naturelles. Nous croyons qu'avec des efforts collectifs, nous pouvons r\u00e9duire la g\u00e9n\u00e9ration de d\u00e9chets et contribuer \u00e0 la pr\u00e9servation des ressources naturelles, garantissant ainsi un avenir durable pour les g\u00e9n\u00e9rations \u00e0 venir.<\/p>","protected":false},"excerpt":{"rendered":"<p>DOVIX Corporation is a Quebec-based company committed to sustainable development practices to protect the environment. In our primary area of activity, we offer a wide range of DIY services and connect clients with trusted local providers. You can easily book our services through the DOVIX mobile app, our website, or by giving us a call. [&hellip;]<\/p>\n","protected":false},"author":1,"featured_media":0,"parent":0,"menu_order":0,"comment_status":"closed","ping_status":"closed","template":"","meta":{"_monsterinsights_skip_tracking":false,"_monsterinsights_sitenote_active":false,"_monsterinsights_sitenote_note":"","_monsterinsights_sitenote_category":0,"site-sidebar-layout":"default","site-content-layout":"","ast-site-content-layout":"default","site-content-style":"default","site-sidebar-style":"default","ast-global-header-display":"","ast-banner-title-visibility":"","ast-main-header-display":"","ast-hfb-above-header-display":"","ast-hfb-below-header-display":"","ast-hfb-mobile-header-display":"","site-post-title":"","ast-breadcrumbs-content":"","ast-featured-img":"","footer-sml-layout":"","ast-disable-related-posts":"","theme-transparent-header-meta":"","adv-header-id-meta":"","stick-header-meta":"","header-above-stick-meta":"","header-main-stick-meta":"","header-below-stick-meta":"","astra-migrate-meta-layouts":"default","ast-page-background-enabled":"default","ast-page-background-meta":{"desktop":{"background-color":"","background-image":"","background-repeat":"repeat","background-position":"center center","background-size":"auto","background-attachment":"scroll","background-type":"","background-media":"","overlay-type":"","overlay-color":"","overlay-opacity":"","overlay-gradient":""},"tablet":{"background-color":"","background-image":"","background-repeat":"repeat","background-position":"center center","background-size":"auto","background-attachment":"scroll","background-type":"","background-media":"","overlay-type":"","overlay-color":"","overlay-opacity":"","overlay-gradient":""},"mobile":{"background-color":"","background-image":"","background-repeat":"repeat","background-position":"center center","background-size":"auto","background-attachment":"scroll","background-type":"","background-media":"","overlay-type":"","overlay-color":"","overlay-opacity":"","overlay-gradient":""}},"ast-content-background-meta":{"desktop":{"background-color":"var(--ast-global-color-5)","background-image":"","background-repeat":"repeat","background-position":"center center","background-size":"auto","background-attachment":"scroll","background-type":"","background-media":"","overlay-type":"","overlay-color":"","overlay-opacity":"","overlay-gradient":""},"tablet":{"background-color":"var(--ast-global-color-5)","background-image":"","background-repeat":"repeat","background-position":"center center","background-size":"auto","background-attachment":"scroll","background-type":"","background-media":"","overlay-type":"","overlay-color":"","overlay-opacity":"","overlay-gradient":""},"mobile":{"background-color":"var(--ast-global-color-5)","background-image":"","background-repeat":"repeat","background-position":"center center","background-size":"auto","background-attachment":"scroll","background-type":"","background-media":"","overlay-type":"","overlay-color":"","overlay-opacity":"","overlay-gradient":""}},"footnotes":""},"class_list":["post-1116","page","type-page","status-publish","hentry"],"aioseo_notices":[],"_links":{"self":[{"href":"https:\/\/dovix.ca\/fr\/wp-json\/wp\/v2\/pages\/1116","targetHints":{"allow":["GET"]}}],"collection":[{"href":"https:\/\/dovix.ca\/fr\/wp-json\/wp\/v2\/pages"}],"about":[{"href":"https:\/\/dovix.ca\/fr\/wp-json\/wp\/v2\/types\/page"}],"author":[{"embeddable":true,"href":"https:\/\/dovix.ca\/fr\/wp-json\/wp\/v2\/users\/1"}],"replies":[{"embeddable":true,"href":"https:\/\/dovix.ca\/fr\/wp-json\/wp\/v2\/comments?post=1116"}],"version-history":[{"count":3,"href":"https:\/\/dovix.ca\/fr\/wp-json\/wp\/v2\/pages\/1116\/revisions"}],"predecessor-version":[{"id":5114,"href":"https:\/\/dovix.ca\/fr\/wp-json\/wp\/v2\/pages\/1116\/revisions\/5114"}],"wp:attachment":[{"href":"https:\/\/dovix.ca\/fr\/wp-json\/wp\/v2\/media?parent=1116"}],"curies":[{"name":"wp","href":"https:\/\/api.w.org\/{rel}","templated":true}]}}